{"id":147,"date":"2022-02-21T12:49:28","date_gmt":"2022-02-21T12:49:28","guid":{"rendered":"https:\/\/www.fusteriaaltemporda.com\/cuisines-sur-mesure-a-empuriabrava\/"},"modified":"2022-02-21T12:56:48","modified_gmt":"2022-02-21T12:56:48","slug":"cuisines-sur-mesure-a-empuriabrava","status":"publish","type":"page","link":"https:\/\/www.fusteriaaltemporda.com\/fr\/cuisines-sur-mesure-a-empuriabrava\/","title":{"rendered":"Cuisines sur mesure \u00e0 Empuriabrava"},"content":{"rendered":"<div  class='flex_column av-34szv-5e1900a16d9117dc8c543b186c19e5f1 av_one_full  avia-builder-el-0  el_before_av_heading  avia-builder-el-first  first flex_column_div  '     ><p>\n<style type=\"text\/css\" data-created_by=\"avia_inline_auto\" id=\"style-css-av-kz8ofmlm-53dbf739d8bfbf65b56966ecb2b36f82\">\n#top .av-special-heading.av-kz8ofmlm-53dbf739d8bfbf65b56966ecb2b36f82{\npadding-bottom:10px;\n}\nbody .av-special-heading.av-kz8ofmlm-53dbf739d8bfbf65b56966ecb2b36f82 .av-special-heading-tag .heading-char{\nfont-size:25px;\n}\n.av-special-heading.av-kz8ofmlm-53dbf739d8bfbf65b56966ecb2b36f82 .av-subheading{\nfont-size:15px;\n}\n<\/style>\n<div  class='av-special-heading av-kz8ofmlm-53dbf739d8bfbf65b56966ecb2b36f82 av-special-heading-h3  avia-builder-el-1  el_before_av_textblock  avia-builder-el-first '><h3 class='av-special-heading-tag '  itemprop=\"headline\"  >Cuisines sur mesure \u00e0 Empuriabrava<\/h3><div class=\"special-heading-border\"><div class=\"special-heading-inner-border\"><\/div><\/div><\/div><br \/>\n\n<style type=\"text\/css\" data-created_by=\"avia_inline_auto\" id=\"style-css-av-kz8o3cv4-a9cc908999da52f46206767e6c40c958\">\n#top .av_textblock_section.av-kz8o3cv4-a9cc908999da52f46206767e6c40c958 .avia_textblock{\nfont-size:18px;\n}\n<\/style>\n<section  class='av_textblock_section av-kz8o3cv4-a9cc908999da52f46206767e6c40c958 '   itemscope=\"itemscope\" itemtype=\"https:\/\/schema.org\/CreativeWork\" ><div class='avia_textblock'  itemprop=\"text\" ><p>Les cuisines sur mesure \u00e0 Empuriabrava permettent aux gens d&rsquo;avoir chez eux la cuisine de leurs r\u00eaves, un espace confortable, fonctionnel et parfait o\u00f9 ils pourront passer des heures sans inconv\u00e9nient.<\/p>\n<p>Les meubles de cuisine sont g\u00e9n\u00e9ralement disponibles dans des tailles standard, mais lorsque vous recherchez un espace de cuisine personnalis\u00e9, il est pr\u00e9f\u00e9rable d&rsquo;opter pour une cuisine sur mesure \u00e0 Empuriabrava.<\/p>\n<\/div><\/section><br \/>\n\n<style type=\"text\/css\" data-created_by=\"avia_inline_auto\" id=\"style-css-av-kz8o918t-1a3d5131d62e04a23c2ab37706d215f4\">\n.avia-image-container.av-kz8o918t-1a3d5131d62e04a23c2ab37706d215f4 img.avia_image{\nbox-shadow:none;\n}\n.avia-image-container.av-kz8o918t-1a3d5131d62e04a23c2ab37706d215f4 .av-image-caption-overlay-center{\ncolor:#ffffff;\n}\n<\/style>\n<div  class='avia-image-container av-kz8o918t-1a3d5131d62e04a23c2ab37706d215f4 av-styling- avia-align-center  avia-builder-el-3  el_after_av_textblock  avia-builder-el-last '   itemprop=\"image\" itemscope=\"itemscope\" itemtype=\"https:\/\/schema.org\/ImageObject\" ><div class=\"avia-image-container-inner\"><div class=\"avia-image-overlay-wrap\"><img decoding=\"async\" fetchpriority=\"high\" class='wp-image-104 avia-img-lazy-loading-not-104 avia_image ' src=\"https:\/\/www.fusteriaaltemporda.com\/wp-content\/uploads\/2022\/02\/ggfgggdfg.jpg\" alt='' title='ggfgggdfg'  height=\"559\" width=\"1054\"  itemprop=\"thumbnailUrl\" srcset=\"https:\/\/www.fusteriaaltemporda.com\/wp-content\/uploads\/2022\/02\/ggfgggdfg.jpg 1054w, https:\/\/www.fusteriaaltemporda.com\/wp-content\/uploads\/2022\/02\/ggfgggdfg-300x159.jpg 300w, https:\/\/www.fusteriaaltemporda.com\/wp-content\/uploads\/2022\/02\/ggfgggdfg-1030x546.jpg 1030w, https:\/\/www.fusteriaaltemporda.com\/wp-content\/uploads\/2022\/02\/ggfgggdfg-768x407.jpg 768w, https:\/\/www.fusteriaaltemporda.com\/wp-content\/uploads\/2022\/02\/ggfgggdfg-705x374.jpg 705w\" sizes=\"(max-width: 1054px) 100vw, 1054px\" \/><\/div><\/div><\/div><\/p><\/div>\n\n<style type=\"text\/css\" data-created_by=\"avia_inline_auto\" id=\"style-css-av-kz8oh1te-2d25c3e47805a203134e7a350a0e0d98\">\n#top .av-special-heading.av-kz8oh1te-2d25c3e47805a203134e7a350a0e0d98{\npadding-bottom:10px;\n}\nbody .av-special-heading.av-kz8oh1te-2d25c3e47805a203134e7a350a0e0d98 .av-special-heading-tag .heading-char{\nfont-size:25px;\n}\n.av-special-heading.av-kz8oh1te-2d25c3e47805a203134e7a350a0e0d98 .av-subheading{\nfont-size:15px;\n}\n<\/style>\n<div  class='av-special-heading av-kz8oh1te-2d25c3e47805a203134e7a350a0e0d98 av-special-heading-h3  avia-builder-el-4  el_after_av_one_full  el_before_av_one_half '><h3 class='av-special-heading-tag '  itemprop=\"headline\"  >R\u00e9novation de cuisine avec un design personnalis\u00e9<\/h3><div class=\"special-heading-border\"><div class=\"special-heading-inner-border\"><\/div><\/div><\/div>\n<div  class='flex_column av-1j1tv-a89e1849b873db31c2b1668f2dd1cb7d av_one_half  avia-builder-el-5  el_after_av_heading  el_before_av_one_half  first flex_column_div  '     ><style type=\"text\/css\" data-created_by=\"avia_inline_auto\" id=\"style-css-av-kz8oo4qd-621aab7e9ff449ccbd932122748eef5a\">\n#top .av_textblock_section.av-kz8oo4qd-621aab7e9ff449ccbd932122748eef5a .avia_textblock{\nfont-size:18px;\n}\n<\/style>\n<section  class='av_textblock_section av-kz8oo4qd-621aab7e9ff449ccbd932122748eef5a '   itemscope=\"itemscope\" itemtype=\"https:\/\/schema.org\/CreativeWork\" ><div class='avia_textblock'  itemprop=\"text\" ><p>Parfois, les gens se rendent compte que le design de leur cuisine a \u00e9t\u00e9 laiss\u00e9 de c\u00f4t\u00e9, que le design est d\u00e9pass\u00e9, c&rsquo;est \u00e0 ce moment-l\u00e0 que la d\u00e9cision doit \u00eatre prise d&rsquo;engager les services d&rsquo;une entreprise sp\u00e9cialis\u00e9e dans la cr\u00e9ation de cuisines sur mesure.<\/p>\n<p>Avec les cuisines sur mesure, chaque espace est exploit\u00e9, les gens peuvent choisir de la taille du plan de travail au nombre de tiroirs que comportera l&rsquo;\u00e9tag\u00e8re.<\/p>\n<\/div><\/section><\/div>\n<div  class='flex_column av-ymhn-f5bb054eefc3c823cd8be6f968fd496e av_one_half  avia-builder-el-7  el_after_av_one_half  el_before_av_one_half  flex_column_div  '     ><style type=\"text\/css\" data-created_by=\"avia_inline_auto\" id=\"style-css-av-kz8ookwa-10ec888deffa16579225c51ea5bb0b67\">\n#top .av_textblock_section.av-kz8ookwa-10ec888deffa16579225c51ea5bb0b67 .avia_textblock{\nfont-size:18px;\n}\n<\/style>\n<section  class='av_textblock_section av-kz8ookwa-10ec888deffa16579225c51ea5bb0b67 '   itemscope=\"itemscope\" itemtype=\"https:\/\/schema.org\/CreativeWork\" ><div class='avia_textblock'  itemprop=\"text\" ><p>Comment se d\u00e9roule la conception d&rsquo;une cuisine sur mesure ?<\/p>\n<p>Les sp\u00e9cialistes de la conception d&rsquo;une cuisine sur mesure doivent tenir compte d&rsquo;une s\u00e9rie de facteurs, dont le plus important est la r\u00e8gle du triangle :<\/p>\n<p>-La r\u00e8gle du triangle consiste \u00e0 prendre en consid\u00e9ration les trois zones cl\u00e9s d&rsquo;une cuisine, \u00e0 savoir la cuisson, le lavage et le rangement.<\/p>\n<\/div><\/section><\/div>\n<div  class='flex_column av-14cnv-b1e8238adcee9c8e71b3b24498f4f236 av_one_half  avia-builder-el-9  el_after_av_one_half  el_before_av_one_half  first flex_column_div  column-top-margin'     ><style type=\"text\/css\" data-created_by=\"avia_inline_auto\" id=\"style-css-av-kz8otzqz-45e8d126f2a21ca0bee27212d8728c57\">\n#top .av_textblock_section.av-kz8otzqz-45e8d126f2a21ca0bee27212d8728c57 .avia_textblock{\nfont-size:18px;\n}\n<\/style>\n<section  class='av_textblock_section av-kz8otzqz-45e8d126f2a21ca0bee27212d8728c57 '   itemscope=\"itemscope\" itemtype=\"https:\/\/schema.org\/CreativeWork\" ><div class='avia_textblock'  itemprop=\"text\" ><p>-L&rsquo;objectif est de disposer les trois zones de mani\u00e8re \u00e0 laisser un espace libre pour cr\u00e9er la zone de travail. La cl\u00e9 est d&rsquo;\u00e9viter que ces trois zones se touchent.<\/p>\n<p>-Les zones de marche doivent avoir une largeur d&rsquo;au moins 80 cm afin que vous puissiez circuler autour d&rsquo;elles et il doit y avoir au moins 50 cm d&rsquo;espace libre entre chaque appareil.<\/p>\n<p>La hauteur du plan de travail, le nombre de tiroirs, la profondeur du meuble et d&rsquo;autres \u00e9l\u00e9ments doivent \u00e9galement \u00eatre pris en compte dans la conception.<\/p>\n<\/div><\/section><\/div>\n<div  class='flex_column av-ynkj-95779130f5182c349f17ddbfce36cea3 av_one_half  avia-builder-el-11  el_after_av_one_half  el_before_av_hr  flex_column_div  column-top-margin'     ><div  class='avia-slideshow av-kz8p493l-606f1dbc9211494624dcb50a74c72f41 avia-slideshow-featured av_slideshow avia-slide-slider  avia-builder-el-12  avia-builder-el-no-sibling  av-slideshow-ui av-control-default av-slideshow-manual av-loop-once av-loop-manual-endless av-default-height-applied avia-slideshow-1' data-slideshow-options=\"{&quot;animation&quot;:&quot;slide&quot;,&quot;autoplay&quot;:false,&quot;loop_autoplay&quot;:&quot;once&quot;,&quot;interval&quot;:5,&quot;loop_manual&quot;:&quot;manual-endless&quot;,&quot;autoplay_stopper&quot;:false,&quot;noNavigation&quot;:false,&quot;bg_slider&quot;:false,&quot;keep_padding&quot;:false,&quot;hoverpause&quot;:false,&quot;show_slide_delay&quot;:0}\"  itemprop=\"image\" itemscope=\"itemscope\" itemtype=\"https:\/\/schema.org\/ImageObject\" ><ul class='avia-slideshow-inner ' style='padding-bottom: 61.253561253561%;'><li  class='avia-slideshow-slide av-kz8p493l-606f1dbc9211494624dcb50a74c72f41__0  slide-1 slide-odd'><div data-rel='slideshow-1' class='avia-slide-wrap '   ><img decoding=\"async\" fetchpriority=\"high\" class=\"wp-image-106 avia-img-lazy-loading-not-106\"  src=\"https:\/\/www.fusteriaaltemporda.com\/wp-content\/uploads\/2022\/02\/dasdasdasd-702x430.jpg\" width=\"702\" height=\"430\" title='dasdasdasd' alt=''  itemprop=\"thumbnailUrl\"   \/><\/div><\/li><li  class='avia-slideshow-slide av-kz8p493l-606f1dbc9211494624dcb50a74c72f41__1  slide-2 slide-even'><div data-rel='slideshow-1' class='avia-slide-wrap '   ><img decoding=\"async\" fetchpriority=\"high\" class=\"wp-image-108 avia-img-lazy-loading-not-108\"  src=\"https:\/\/www.fusteriaaltemporda.com\/wp-content\/uploads\/2022\/02\/cocina-2-769x430.jpg\" width=\"769\" height=\"430\" title='cocina 2' alt=''  itemprop=\"thumbnailUrl\"   \/><\/div><\/li><\/ul><div class='avia-slideshow-arrows avia-slideshow-controls' ><a href='#prev' class='prev-slide  avia-svg-icon avia-font-svg_entypo-fontello' data-av_svg_icon='left-open-big' data-av_iconset='svg_entypo-fontello' tabindex='-1' title=\"Pr\u00e9c\u00e9dent\"><svg version=\"1.1\" xmlns=\"http:\/\/www.w3.org\/2000\/svg\" width=\"15\" height=\"32\" viewBox=\"0 0 15 32\" preserveAspectRatio=\"xMidYMid meet\" aria-labelledby='av-svg-title-1' aria-describedby='av-svg-desc-1' role=\"graphics-symbol\" aria-hidden=\"true\">\n<title id='av-svg-title-1'>Pr\u00e9c\u00e9dent<\/title>\n<desc id='av-svg-desc-1'>Pr\u00e9c\u00e9dent<\/desc>\n<path d=\"M14.464 27.84q0.832 0.832 0 1.536-0.832 0.832-1.536 0l-12.544-12.608q-0.768-0.768 0-1.6l12.544-12.608q0.704-0.832 1.536 0 0.832 0.704 0 1.536l-11.456 11.904z\"><\/path>\n<\/svg><span class='avia_hidden_link_text'>Pr\u00e9c\u00e9dent<\/span><\/a><a href='#next' class='next-slide  avia-svg-icon avia-font-svg_entypo-fontello' data-av_svg_icon='right-open-big' data-av_iconset='svg_entypo-fontello' tabindex='-1' title=\"Suivant\"><svg version=\"1.1\" xmlns=\"http:\/\/www.w3.org\/2000\/svg\" width=\"15\" height=\"32\" viewBox=\"0 0 15 32\" preserveAspectRatio=\"xMidYMid meet\" aria-labelledby='av-svg-title-2' aria-describedby='av-svg-desc-2' role=\"graphics-symbol\" aria-hidden=\"true\">\n<title id='av-svg-title-2'>Suivant<\/title>\n<desc id='av-svg-desc-2'>Suivant<\/desc>\n<path d=\"M0.416 27.84l11.456-11.84-11.456-11.904q-0.832-0.832 0-1.536 0.832-0.832 1.536 0l12.544 12.608q0.768 0.832 0 1.6l-12.544 12.608q-0.704 0.832-1.536 0-0.832-0.704 0-1.536z\"><\/path>\n<\/svg><span class='avia_hidden_link_text'>Suivant<\/span><\/a><\/div><div class='avia-slideshow-dots avia-slideshow-controls'><a href='#1' class='goto-slide active' >1<\/a><a href='#2' class='goto-slide ' >2<\/a><\/div><\/div><\/div>\n<div  class='hr av-16t8r-4d0b97db1cf60a867227c4b24a12d6e8 hr-default  avia-builder-el-13  el_after_av_one_half  el_before_av_contact '><span class='hr-inner '><span class=\"hr-inner-style\"><\/span><\/span><\/div>\n<form action=\"https:\/\/www.fusteriaaltemporda.com\/fr\/cuisines-sur-mesure-a-empuriabrava\/\" method=\"post\" data-fields-with-error=\"Erreurs trouv\u00e9es dans les champs suivants :\" class=\"avia_ajax_form av-form-labels-visible   avia-builder-el-14  el_after_av_hr  avia-builder-el-last   \" data-avia-form-id=\"1\" data-avia-redirect='' ><h3 class=''>Contactez-nous \u00e0<\/h3><fieldset><p class='  first_form  form_element form_fullwidth' id='element_avia_1_1'><label for=\"avia_1_1\">Nom <abbr class=\"required\" title=\"requis(e)\">*<\/abbr><\/label> <input name=\"avia_1_1\" class=\"text_input is_empty\" type=\"text\" id=\"avia_1_1\" value=\"\" \/><\/p><p class='  first_form  form_element form_fullwidth' id='element_avia_2_1'><label for=\"avia_2_1\">Adresse \u00e9lectronique <abbr class=\"required\" title=\"requis(e)\">*<\/abbr><\/label> <input name=\"avia_2_1\" class=\"text_input is_email\" type=\"text\" id=\"avia_2_1\" value=\"\" \/><\/p><p class='  first_form  form_element form_fullwidth' id='element_avia_3_1'><label for=\"avia_3_1\">Sujet <abbr class=\"required\" title=\"requis(e)\">*<\/abbr><\/label> <input name=\"avia_3_1\" class=\"text_input is_empty\" type=\"text\" id=\"avia_3_1\" value=\"\" \/><\/p><p class='  first_form  form_element form_fullwidth av-last-visible-form-element' id='element_avia_4_1'><label for=\"avia_4_1\" class=\"textare_label hidden textare_label_avia_4_1\">Message <abbr class=\"required\" title=\"requis(e)\">*<\/abbr><\/label><textarea  name=\"avia_4_1\" class=\"text_area is_empty\" cols=\"40\" rows=\"7\" id=\"avia_4_1\" ><\/textarea><\/p><p class=\"hidden\"><input type=\"text\" name=\"avia_5_1\" class=\"hidden \" id=\"avia_5_1\" value=\"\" \/><\/p><p class=\"form_element \"><input type=\"hidden\" value=\"1\" name=\"avia_generated_form1\" \/><input type=\"submit\" value=\"Envoyer\" class=\"button\"  data-sending-label=\"Envoi\"\/><\/p><\/fieldset><\/form><div id=\"ajaxresponse_1\" class=\"ajaxresponse ajaxresponse_1 hidden\"><\/div>\n","protected":false},"excerpt":{"rendered":"","protected":false},"author":1,"featured_media":108,"parent":0,"menu_order":0,"comment_status":"closed","ping_status":"closed","template":"","meta":{"footnotes":""},"class_list":["post-147","page","type-page","status-publish","has-post-thumbnail","hentry"],"yoast_head":"<!-- This site is optimized with the Yoast SEO plugin v27.2 - https:\/\/yoast.com\/product\/yoast-seo-wordpress\/ -->\n<title>Cuisines sur mesure \u00e0 Empuriabrava - Fusteria Mart\u00ed<\/title>\n<meta name=\"description\" content=\"Les cuisines sur mesure \u00e0 Empuriabrava permettent aux gens d&#039;avoir chez eux la cuisine de leurs r\u00eaves, un espace confortable, fonctionnel et parfait.\" \/>\n<meta name=\"robots\" content=\"index, follow, max-snippet:-1, max-image-preview:large, max-video-preview:-1\" \/>\n<link rel=\"canonical\" href=\"https:\/\/www.fusteriaaltemporda.com\/fr\/cuisines-sur-mesure-a-empuriabrava\/\" \/>\n<meta property=\"og:locale\" content=\"fr_FR\" \/>\n<meta property=\"og:type\" content=\"article\" \/>\n<meta property=\"og:title\" content=\"Cuisines sur mesure \u00e0 Empuriabrava - Fusteria Mart\u00ed\" \/>\n<meta property=\"og:description\" content=\"Les cuisines sur mesure \u00e0 Empuriabrava permettent aux gens d&#039;avoir chez eux la cuisine de leurs r\u00eaves, un espace confortable, fonctionnel et parfait.\" \/>\n<meta property=\"og:url\" content=\"https:\/\/www.fusteriaaltemporda.com\/fr\/cuisines-sur-mesure-a-empuriabrava\/\" \/>\n<meta property=\"og:site_name\" content=\"Fusteria Mart\u00ed\" \/>\n<meta property=\"article:modified_time\" content=\"2022-02-21T12:56:48+00:00\" \/>\n<meta property=\"og:image\" content=\"https:\/\/www.fusteriaaltemporda.com\/wp-content\/uploads\/2022\/02\/cocina-2.jpg\" \/>\n\t<meta property=\"og:image:width\" content=\"769\" \/>\n\t<meta property=\"og:image:height\" content=\"497\" \/>\n\t<meta property=\"og:image:type\" content=\"image\/jpeg\" \/>\n<meta name=\"twitter:card\" content=\"summary_large_image\" \/>\n<meta name=\"twitter:label1\" content=\"Dur\u00e9e de lecture estim\u00e9e\" \/>\n\t<meta name=\"twitter:data1\" content=\"13 minutes\" \/>\n<script type=\"application\/ld+json\" class=\"yoast-schema-graph\">{\"@context\":\"https:\/\/schema.org\",\"@graph\":[{\"@type\":\"WebPage\",\"@id\":\"https:\/\/www.fusteriaaltemporda.com\/fr\/cuisines-sur-mesure-a-empuriabrava\/\",\"url\":\"https:\/\/www.fusteriaaltemporda.com\/fr\/cuisines-sur-mesure-a-empuriabrava\/\",\"name\":\"Cuisines sur mesure \u00e0 Empuriabrava - Fusteria Mart\u00ed\",\"isPartOf\":{\"@id\":\"https:\/\/www.fusteriaaltemporda.com\/fr\/#website\"},\"primaryImageOfPage\":{\"@id\":\"https:\/\/www.fusteriaaltemporda.com\/fr\/cuisines-sur-mesure-a-empuriabrava\/#primaryimage\"},\"image\":{\"@id\":\"https:\/\/www.fusteriaaltemporda.com\/fr\/cuisines-sur-mesure-a-empuriabrava\/#primaryimage\"},\"thumbnailUrl\":\"https:\/\/www.fusteriaaltemporda.com\/wp-content\/uploads\/2022\/02\/cocina-2.jpg\",\"datePublished\":\"2022-02-21T12:49:28+00:00\",\"dateModified\":\"2022-02-21T12:56:48+00:00\",\"description\":\"Les cuisines sur mesure \u00e0 Empuriabrava permettent aux gens d'avoir chez eux la cuisine de leurs r\u00eaves, un espace confortable, fonctionnel et parfait.\",\"breadcrumb\":{\"@id\":\"https:\/\/www.fusteriaaltemporda.com\/fr\/cuisines-sur-mesure-a-empuriabrava\/#breadcrumb\"},\"inLanguage\":\"fr-FR\",\"potentialAction\":[{\"@type\":\"ReadAction\",\"target\":[\"https:\/\/www.fusteriaaltemporda.com\/fr\/cuisines-sur-mesure-a-empuriabrava\/\"]}]},{\"@type\":\"ImageObject\",\"inLanguage\":\"fr-FR\",\"@id\":\"https:\/\/www.fusteriaaltemporda.com\/fr\/cuisines-sur-mesure-a-empuriabrava\/#primaryimage\",\"url\":\"https:\/\/www.fusteriaaltemporda.com\/wp-content\/uploads\/2022\/02\/cocina-2.jpg\",\"contentUrl\":\"https:\/\/www.fusteriaaltemporda.com\/wp-content\/uploads\/2022\/02\/cocina-2.jpg\",\"width\":769,\"height\":497},{\"@type\":\"BreadcrumbList\",\"@id\":\"https:\/\/www.fusteriaaltemporda.com\/fr\/cuisines-sur-mesure-a-empuriabrava\/#breadcrumb\",\"itemListElement\":[{\"@type\":\"ListItem\",\"position\":1,\"name\":\"Portada\",\"item\":\"https:\/\/www.fusteriaaltemporda.com\/fr\/carpinteria-en-empuriabrava\/\"},{\"@type\":\"ListItem\",\"position\":2,\"name\":\"Cuisines sur mesure \u00e0 Empuriabrava\"}]},{\"@type\":\"WebSite\",\"@id\":\"https:\/\/www.fusteriaaltemporda.com\/fr\/#website\",\"url\":\"https:\/\/www.fusteriaaltemporda.com\/fr\/\",\"name\":\"Fusteria Mart\u00ed\",\"description\":\"Trabajos de carpinter\u00eda en el Alt Empord\u00e1\",\"publisher\":{\"@id\":\"https:\/\/www.fusteriaaltemporda.com\/fr\/#organization\"},\"potentialAction\":[{\"@type\":\"SearchAction\",\"target\":{\"@type\":\"EntryPoint\",\"urlTemplate\":\"https:\/\/www.fusteriaaltemporda.com\/fr\/?s={search_term_string}\"},\"query-input\":{\"@type\":\"PropertyValueSpecification\",\"valueRequired\":true,\"valueName\":\"search_term_string\"}}],\"inLanguage\":\"fr-FR\"},{\"@type\":\"Organization\",\"@id\":\"https:\/\/www.fusteriaaltemporda.com\/fr\/#organization\",\"name\":\"Fusteria Alt Empord\u00e0\",\"url\":\"https:\/\/www.fusteriaaltemporda.com\/fr\/\",\"logo\":{\"@type\":\"ImageObject\",\"inLanguage\":\"fr-FR\",\"@id\":\"https:\/\/www.fusteriaaltemporda.com\/fr\/#\/schema\/logo\/image\/\",\"url\":\"https:\/\/www.fusteriaaltemporda.com\/wp-content\/uploads\/2022\/06\/fusteriamarti-logo.jpg\",\"contentUrl\":\"https:\/\/www.fusteriaaltemporda.com\/wp-content\/uploads\/2022\/06\/fusteriamarti-logo.jpg\",\"width\":300,\"height\":300,\"caption\":\"Fusteria Alt Empord\u00e0\"},\"image\":{\"@id\":\"https:\/\/www.fusteriaaltemporda.com\/fr\/#\/schema\/logo\/image\/\"}}]}<\/script>\n<!-- \/ Yoast SEO plugin. -->","yoast_head_json":{"title":"Cuisines sur mesure \u00e0 Empuriabrava - Fusteria Mart\u00ed","description":"Les cuisines sur mesure \u00e0 Empuriabrava permettent aux gens d'avoir chez eux la cuisine de leurs r\u00eaves, un espace confortable, fonctionnel et parfait.","robots":{"index":"index","follow":"follow","max-snippet":"max-snippet:-1","max-image-preview":"max-image-preview:large","max-video-preview":"max-video-preview:-1"},"canonical":"https:\/\/www.fusteriaaltemporda.com\/fr\/cuisines-sur-mesure-a-empuriabrava\/","og_locale":"fr_FR","og_type":"article","og_title":"Cuisines sur mesure \u00e0 Empuriabrava - Fusteria Mart\u00ed","og_description":"Les cuisines sur mesure \u00e0 Empuriabrava permettent aux gens d'avoir chez eux la cuisine de leurs r\u00eaves, un espace confortable, fonctionnel et parfait.","og_url":"https:\/\/www.fusteriaaltemporda.com\/fr\/cuisines-sur-mesure-a-empuriabrava\/","og_site_name":"Fusteria Mart\u00ed","article_modified_time":"2022-02-21T12:56:48+00:00","og_image":[{"width":769,"height":497,"url":"https:\/\/www.fusteriaaltemporda.com\/wp-content\/uploads\/2022\/02\/cocina-2.jpg","type":"image\/jpeg"}],"twitter_card":"summary_large_image","twitter_misc":{"Dur\u00e9e de lecture estim\u00e9e":"13 minutes"},"schema":{"@context":"https:\/\/schema.org","@graph":[{"@type":"WebPage","@id":"https:\/\/www.fusteriaaltemporda.com\/fr\/cuisines-sur-mesure-a-empuriabrava\/","url":"https:\/\/www.fusteriaaltemporda.com\/fr\/cuisines-sur-mesure-a-empuriabrava\/","name":"Cuisines sur mesure \u00e0 Empuriabrava - Fusteria Mart\u00ed","isPartOf":{"@id":"https:\/\/www.fusteriaaltemporda.com\/fr\/#website"},"primaryImageOfPage":{"@id":"https:\/\/www.fusteriaaltemporda.com\/fr\/cuisines-sur-mesure-a-empuriabrava\/#primaryimage"},"image":{"@id":"https:\/\/www.fusteriaaltemporda.com\/fr\/cuisines-sur-mesure-a-empuriabrava\/#primaryimage"},"thumbnailUrl":"https:\/\/www.fusteriaaltemporda.com\/wp-content\/uploads\/2022\/02\/cocina-2.jpg","datePublished":"2022-02-21T12:49:28+00:00","dateModified":"2022-02-21T12:56:48+00:00","description":"Les cuisines sur mesure \u00e0 Empuriabrava permettent aux gens d'avoir chez eux la cuisine de leurs r\u00eaves, un espace confortable, fonctionnel et parfait.","breadcrumb":{"@id":"https:\/\/www.fusteriaaltemporda.com\/fr\/cuisines-sur-mesure-a-empuriabrava\/#breadcrumb"},"inLanguage":"fr-FR","potentialAction":[{"@type":"ReadAction","target":["https:\/\/www.fusteriaaltemporda.com\/fr\/cuisines-sur-mesure-a-empuriabrava\/"]}]},{"@type":"ImageObject","inLanguage":"fr-FR","@id":"https:\/\/www.fusteriaaltemporda.com\/fr\/cuisines-sur-mesure-a-empuriabrava\/#primaryimage","url":"https:\/\/www.fusteriaaltemporda.com\/wp-content\/uploads\/2022\/02\/cocina-2.jpg","contentUrl":"https:\/\/www.fusteriaaltemporda.com\/wp-content\/uploads\/2022\/02\/cocina-2.jpg","width":769,"height":497},{"@type":"BreadcrumbList","@id":"https:\/\/www.fusteriaaltemporda.com\/fr\/cuisines-sur-mesure-a-empuriabrava\/#breadcrumb","itemListElement":[{"@type":"ListItem","position":1,"name":"Portada","item":"https:\/\/www.fusteriaaltemporda.com\/fr\/carpinteria-en-empuriabrava\/"},{"@type":"ListItem","position":2,"name":"Cuisines sur mesure \u00e0 Empuriabrava"}]},{"@type":"WebSite","@id":"https:\/\/www.fusteriaaltemporda.com\/fr\/#website","url":"https:\/\/www.fusteriaaltemporda.com\/fr\/","name":"Fusteria Mart\u00ed","description":"Trabajos de carpinter\u00eda en el Alt Empord\u00e1","publisher":{"@id":"https:\/\/www.fusteriaaltemporda.com\/fr\/#organization"},"potentialAction":[{"@type":"SearchAction","target":{"@type":"EntryPoint","urlTemplate":"https:\/\/www.fusteriaaltemporda.com\/fr\/?s={search_term_string}"},"query-input":{"@type":"PropertyValueSpecification","valueRequired":true,"valueName":"search_term_string"}}],"inLanguage":"fr-FR"},{"@type":"Organization","@id":"https:\/\/www.fusteriaaltemporda.com\/fr\/#organization","name":"Fusteria Alt Empord\u00e0","url":"https:\/\/www.fusteriaaltemporda.com\/fr\/","logo":{"@type":"ImageObject","inLanguage":"fr-FR","@id":"https:\/\/www.fusteriaaltemporda.com\/fr\/#\/schema\/logo\/image\/","url":"https:\/\/www.fusteriaaltemporda.com\/wp-content\/uploads\/2022\/06\/fusteriamarti-logo.jpg","contentUrl":"https:\/\/www.fusteriaaltemporda.com\/wp-content\/uploads\/2022\/06\/fusteriamarti-logo.jpg","width":300,"height":300,"caption":"Fusteria Alt Empord\u00e0"},"image":{"@id":"https:\/\/www.fusteriaaltemporda.com\/fr\/#\/schema\/logo\/image\/"}}]}},"_links":{"self":[{"href":"https:\/\/www.fusteriaaltemporda.com\/fr\/wp-json\/wp\/v2\/pages\/147","targetHints":{"allow":["GET"]}}],"collection":[{"href":"https:\/\/www.fusteriaaltemporda.com\/fr\/wp-json\/wp\/v2\/pages"}],"about":[{"href":"https:\/\/www.fusteriaaltemporda.com\/fr\/wp-json\/wp\/v2\/types\/page"}],"author":[{"embeddable":true,"href":"https:\/\/www.fusteriaaltemporda.com\/fr\/wp-json\/wp\/v2\/users\/1"}],"replies":[{"embeddable":true,"href":"https:\/\/www.fusteriaaltemporda.com\/fr\/wp-json\/wp\/v2\/comments?post=147"}],"version-history":[{"count":4,"href":"https:\/\/www.fusteriaaltemporda.com\/fr\/wp-json\/wp\/v2\/pages\/147\/revisions"}],"predecessor-version":[{"id":176,"href":"https:\/\/www.fusteriaaltemporda.com\/fr\/wp-json\/wp\/v2\/pages\/147\/revisions\/176"}],"wp:featuredmedia":[{"embeddable":true,"href":"https:\/\/www.fusteriaaltemporda.com\/fr\/wp-json\/wp\/v2\/media\/108"}],"wp:attachment":[{"href":"https:\/\/www.fusteriaaltemporda.com\/fr\/wp-json\/wp\/v2\/media?parent=147"}],"curies":[{"name":"wp","href":"https:\/\/api.w.org\/{rel}","templated":true}]}}