{"id":129,"date":"2022-02-21T12:38:12","date_gmt":"2022-02-21T12:38:12","guid":{"rendered":"https:\/\/www.fusteriaaltemporda.com\/mobles-a-mida-a-empuriabrava\/"},"modified":"2022-02-21T12:58:03","modified_gmt":"2022-02-21T12:58:03","slug":"mobles-a-mida-a-empuriabrava","status":"publish","type":"page","link":"https:\/\/www.fusteriaaltemporda.com\/ca\/mobles-a-mida-a-empuriabrava\/","title":{"rendered":"Mobles a mida a Empuriabrava"},"content":{"rendered":"\n<style type=\"text\/css\" data-created_by=\"avia_inline_auto\" id=\"style-css-av-kz8paq9m-4a28f78f22c2a02c0629f4eb7ebf5a9e\">\n#top .av-special-heading.av-kz8paq9m-4a28f78f22c2a02c0629f4eb7ebf5a9e{\npadding-bottom:10px;\n}\nbody .av-special-heading.av-kz8paq9m-4a28f78f22c2a02c0629f4eb7ebf5a9e .av-special-heading-tag .heading-char{\nfont-size:25px;\n}\n.av-special-heading.av-kz8paq9m-4a28f78f22c2a02c0629f4eb7ebf5a9e .av-subheading{\nfont-size:15px;\n}\n<\/style>\n<div  class='av-special-heading av-kz8paq9m-4a28f78f22c2a02c0629f4eb7ebf5a9e av-special-heading-h3  avia-builder-el-0  el_before_av_one_full  avia-builder-el-first '><h3 class='av-special-heading-tag '  itemprop=\"headline\"  >Mobles a mida a Empuriabrava<\/h3><div class=\"special-heading-border\"><div class=\"special-heading-inner-border\"><\/div><\/div><\/div>\n<div  class='flex_column av-1xgqt-6b24868281c787931a3ac89a6c78c427 av_one_full  avia-builder-el-1  el_after_av_heading  el_before_av_heading  first flex_column_div  '     ><style type=\"text\/css\" data-created_by=\"avia_inline_auto\" id=\"style-css-av-kz8pcwdy-86359cb23cbed856d128a506f63ff04b\">\n#top .av_textblock_section.av-kz8pcwdy-86359cb23cbed856d128a506f63ff04b .avia_textblock{\nfont-size:18px;\n}\n<\/style>\n<section  class='av_textblock_section av-kz8pcwdy-86359cb23cbed856d128a506f63ff04b '   itemscope=\"itemscope\" itemtype=\"https:\/\/schema.org\/CreativeWork\" ><div class='avia_textblock'  itemprop=\"text\" ><p>Els mobles a mida a Empuriabrava ofereixen el gran avantatge que, com el seu nom fa refer\u00e8ncia, es poden adaptar a qualsevol espai, s\u00f3n elaborats en funci\u00f3 de les necessitats espec\u00edfiques dels clients, s\u00f3n \u00fanics, 100% personalitzats.<\/p>\n<p>Quan es tracta de mobles a mida, les possibilitats s\u00f3n infinites, pr\u00e0cticament es pot aprofitar qualsevol espai de casa creant un moble funcional, adaptable.<\/p>\n<\/div><\/section><\/div>\n\n<style type=\"text\/css\" data-created_by=\"avia_inline_auto\" id=\"style-css-av-kz8pe0wo-c0b019a14f90b2824789559c4494ca00\">\n#top .av-special-heading.av-kz8pe0wo-c0b019a14f90b2824789559c4494ca00{\npadding-bottom:10px;\n}\nbody .av-special-heading.av-kz8pe0wo-c0b019a14f90b2824789559c4494ca00 .av-special-heading-tag .heading-char{\nfont-size:25px;\n}\n.av-special-heading.av-kz8pe0wo-c0b019a14f90b2824789559c4494ca00 .av-subheading{\nfont-size:15px;\n}\n<\/style>\n<div  class='av-special-heading av-kz8pe0wo-c0b019a14f90b2824789559c4494ca00 av-special-heading-h3  avia-builder-el-3  el_after_av_one_full  el_before_av_one_full '><h3 class='av-special-heading-tag '  itemprop=\"headline\"  >Per qu\u00e8 escollir els mobles a mida a Empuriabrava?<\/h3><div class=\"special-heading-border\"><div class=\"special-heading-inner-border\"><\/div><\/div><\/div>\n<div  class='flex_column av-5l4p-837860be88dc4d804142eccd21d9fb93 av_one_full  avia-builder-el-4  el_after_av_heading  el_before_av_horizontal_gallery  avia-builder-el-last  first flex_column_div  '     ><style type=\"text\/css\" data-created_by=\"avia_inline_auto\" id=\"style-css-av-kz8pewg2-7e0001ec563f155e8366d760b22129fd\">\n#top .av_textblock_section.av-kz8pewg2-7e0001ec563f155e8366d760b22129fd .avia_textblock{\nfont-size:18px;\n}\n<\/style>\n<section  class='av_textblock_section av-kz8pewg2-7e0001ec563f155e8366d760b22129fd '   itemscope=\"itemscope\" itemtype=\"https:\/\/schema.org\/CreativeWork\" ><div class='avia_textblock'  itemprop=\"text\" ><ul>\n<li>S&#8217;adapten a espais diversos, no importa que tan alt o tan estreta sigui l&#8217;espai, quan es compta amb l&#8217;empresa adequada, es poden obtenir mobles a mesura que encaixen a la perfecci\u00f3.<\/li>\n<li>Els mobles es comercialitzen en mides est\u00e0ndards, per\u00f2, quan es vol col\u00b7locar en un rac\u00f3 dif\u00edcil, aquests no s&#8217;adaptaran, per exemple, dif\u00edcilment es trobar\u00e0 el moble que serveixi per cobrir el buit sota l&#8217;escala i permeti aprofitar aquest espai al m\u00e0xim, per\u00f2, amb els mobles a mida a Empuriabrava es pot aconseguir.<\/li>\n<li>Es poden elaborar en diversitat de materials, els clients poden triar si volen mobles de fusta, o de metall, per\u00f2, la fusta sol ser el material predilecte, per la seva est\u00e8tica, versatilitat i m\u00e9s.<\/li>\n<\/ul>\n<\/div><\/section><\/div>\n\n<style type=\"text\/css\" data-created_by=\"avia_inline_auto\" id=\"style-css-av-kzwnh21s-eef75f0cc2d1603b7c2f384216ed2b6d\">\n.av-horizontal-gallery.av-kzwnh21s-eef75f0cc2d1603b7c2f384216ed2b6d{\npadding:3.75% 0px;;\n}\n.av-horizontal-gallery.av-kzwnh21s-eef75f0cc2d1603b7c2f384216ed2b6d .av-horizontal-gallery-inner{\npadding-bottom:25%;\n}\n<\/style>\n<div  class='av-horizontal-gallery av-kzwnh21s-eef75f0cc2d1603b7c2f384216ed2b6d av-horizontal-gallery-large-gap av-horizontal-gallery-enlarge-effect  avia-builder-el-6  el_after_av_one_full  el_before_av_heading  av-slideshow-ui av-control-default av-slideshow-manual av-loop-once av-loop-manual-endless av-horizontal-gallery-1' data-slideshow-data=\"{&quot;enlarge&quot;:1.3,&quot;animation&quot;:&quot;slide&quot;,&quot;autoplay&quot;:false,&quot;loop_autoplay&quot;:&quot;once&quot;,&quot;interval&quot;:5,&quot;loop_manual&quot;:&quot;manual-endless&quot;,&quot;autoplay_stopper&quot;:false,&quot;noNavigation&quot;:false,&quot;bg_slider&quot;:false,&quot;keep_padding&quot;:&quot;&quot;,&quot;hoverpause&quot;:false,&quot;show_slide_delay&quot;:0}\"  itemprop=\"image\" itemscope=\"itemscope\" itemtype=\"https:\/\/schema.org\/ImageObject\" ><div class='avia-slideshow-arrows avia-slideshow-controls' ><a href='#prev' class='prev-slide av-horizontal-gallery-prev avia-svg-icon avia-font-svg_entypo-fontello' data-av_svg_icon='left-open-big' data-av_iconset='svg_entypo-fontello' tabindex='-1' title=\"Anterior\"><svg version=\"1.1\" xmlns=\"http:\/\/www.w3.org\/2000\/svg\" width=\"15\" height=\"32\" viewBox=\"0 0 15 32\" preserveAspectRatio=\"xMidYMid meet\" aria-labelledby='av-svg-title-1' aria-describedby='av-svg-desc-1' role=\"graphics-symbol\" aria-hidden=\"true\">\n<title id='av-svg-title-1'>Anterior<\/title>\n<desc id='av-svg-desc-1'>Anterior<\/desc>\n<path d=\"M14.464 27.84q0.832 0.832 0 1.536-0.832 0.832-1.536 0l-12.544-12.608q-0.768-0.768 0-1.6l12.544-12.608q0.704-0.832 1.536 0 0.832 0.704 0 1.536l-11.456 11.904z\"><\/path>\n<\/svg><span class='avia_hidden_link_text'>Anterior<\/span><\/a><a href='#next' class='next-slide av-horizontal-gallery-next avia-svg-icon avia-font-svg_entypo-fontello' data-av_svg_icon='right-open-big' data-av_iconset='svg_entypo-fontello' tabindex='-1' title=\"Seg\u00fcent\"><svg version=\"1.1\" xmlns=\"http:\/\/www.w3.org\/2000\/svg\" width=\"15\" height=\"32\" viewBox=\"0 0 15 32\" preserveAspectRatio=\"xMidYMid meet\" aria-labelledby='av-svg-title-2' aria-describedby='av-svg-desc-2' role=\"graphics-symbol\" aria-hidden=\"true\">\n<title id='av-svg-title-2'>Seg\u00fcent<\/title>\n<desc id='av-svg-desc-2'>Seg\u00fcent<\/desc>\n<path d=\"M0.416 27.84l11.456-11.84-11.456-11.904q-0.832-0.832 0-1.536 0.832-0.832 1.536 0l12.544 12.608q0.768 0.832 0 1.6l-12.544 12.608q-0.704 0.832-1.536 0-0.832-0.704 0-1.536z\"><\/path>\n<\/svg><span class='avia_hidden_link_text'>Seg\u00fcent<\/span><\/a><\/div><div class='avia-slideshow-dots avia-slideshow-controls av-horizontal-gallery-dots fade-in'><a href='#1' class='goto-slide active' >1<\/a><a href='#2' class='goto-slide ' >2<\/a><\/div><div class='av-horizontal-gallery-inner' data-av-height='25'><div class=\"av-horizontal-gallery-slider\"><div class=\"av-horizontal-gallery-wrap noHover\"><img decoding=\"async\" fetchpriority=\"high\" class='wp-image-111 avia-img-lazy-loading-not-111 av-horizontal-gallery-img' width=\"1017\" height=\"558\" src=\"https:\/\/www.fusteriaaltemporda.com\/wp-content\/uploads\/2022\/02\/1.jpg\" title='1' alt='' srcset=\"https:\/\/www.fusteriaaltemporda.com\/wp-content\/uploads\/2022\/02\/1.jpg 1017w, https:\/\/www.fusteriaaltemporda.com\/wp-content\/uploads\/2022\/02\/1-300x165.jpg 300w, https:\/\/www.fusteriaaltemporda.com\/wp-content\/uploads\/2022\/02\/1-768x421.jpg 768w, https:\/\/www.fusteriaaltemporda.com\/wp-content\/uploads\/2022\/02\/1-705x387.jpg 705w\" sizes=\"(max-width: 1017px) 100vw, 1017px\" \/><a href=\"https:\/\/www.fusteriaaltemporda.com\/wp-content\/uploads\/2022\/02\/1.jpg\" data-srcset=\"https:\/\/www.fusteriaaltemporda.com\/wp-content\/uploads\/2022\/02\/1.jpg 1017w, https:\/\/www.fusteriaaltemporda.com\/wp-content\/uploads\/2022\/02\/1-300x165.jpg 300w, https:\/\/www.fusteriaaltemporda.com\/wp-content\/uploads\/2022\/02\/1-768x421.jpg 768w, https:\/\/www.fusteriaaltemporda.com\/wp-content\/uploads\/2022\/02\/1-705x387.jpg 705w\" data-sizes=\"(max-width: 1017px) 100vw, 1017px\" class='av-horizontal-gallery-link avia-svg-icon avia-font-svg_entypo-fontello' data-av_svg_icon='resize-full' data-av_iconset='svg_entypo-fontello' title='1' alt='' aria-label='Open image in lightbox: 1'><svg version=\"1.1\" xmlns=\"http:\/\/www.w3.org\/2000\/svg\" width=\"25\" height=\"32\" viewBox=\"0 0 25 32\" preserveAspectRatio=\"xMidYMid meet\" aria-labelledby='av-svg-title-3' aria-describedby='av-svg-desc-3' role=\"graphics-symbol\" aria-hidden=\"true\">\n<title id='av-svg-title-3'>Open image in lightbox: 1<\/title>\n<desc id='av-svg-desc-3'>Open image in lightbox: 1<\/desc>\n<path d=\"M15.232 3.328h10.112v10.112l-3.2-3.968-4.672 4.864-3.2-3.2 4.864-4.672zM7.872 17.536l3.2 3.2-4.864 4.672 3.904 3.2h-10.112v-10.112l3.2 3.904z\"><\/path>\n<\/svg><\/a><\/div><div class=\"av-horizontal-gallery-wrap noHover\"><img decoding=\"async\" fetchpriority=\"high\" class='wp-image-109 avia-img-lazy-loading-not-109 av-horizontal-gallery-img' width=\"979\" height=\"543\" src=\"https:\/\/www.fusteriaaltemporda.com\/wp-content\/uploads\/2022\/02\/2.jpg\" title='2' alt='' srcset=\"https:\/\/www.fusteriaaltemporda.com\/wp-content\/uploads\/2022\/02\/2.jpg 979w, https:\/\/www.fusteriaaltemporda.com\/wp-content\/uploads\/2022\/02\/2-300x166.jpg 300w, https:\/\/www.fusteriaaltemporda.com\/wp-content\/uploads\/2022\/02\/2-768x426.jpg 768w, https:\/\/www.fusteriaaltemporda.com\/wp-content\/uploads\/2022\/02\/2-705x391.jpg 705w\" sizes=\"(max-width: 979px) 100vw, 979px\" \/><a href=\"https:\/\/www.fusteriaaltemporda.com\/wp-content\/uploads\/2022\/02\/2.jpg\" data-srcset=\"https:\/\/www.fusteriaaltemporda.com\/wp-content\/uploads\/2022\/02\/2.jpg 979w, https:\/\/www.fusteriaaltemporda.com\/wp-content\/uploads\/2022\/02\/2-300x166.jpg 300w, https:\/\/www.fusteriaaltemporda.com\/wp-content\/uploads\/2022\/02\/2-768x426.jpg 768w, https:\/\/www.fusteriaaltemporda.com\/wp-content\/uploads\/2022\/02\/2-705x391.jpg 705w\" data-sizes=\"(max-width: 979px) 100vw, 979px\" class='av-horizontal-gallery-link avia-svg-icon avia-font-svg_entypo-fontello' data-av_svg_icon='resize-full' data-av_iconset='svg_entypo-fontello' title='2' alt='' aria-label='Open image in lightbox: 2'><svg version=\"1.1\" xmlns=\"http:\/\/www.w3.org\/2000\/svg\" width=\"25\" height=\"32\" viewBox=\"0 0 25 32\" preserveAspectRatio=\"xMidYMid meet\" aria-labelledby='av-svg-title-4' aria-describedby='av-svg-desc-4' role=\"graphics-symbol\" aria-hidden=\"true\">\n<title id='av-svg-title-4'>Open image in lightbox: 2<\/title>\n<desc id='av-svg-desc-4'>Open image in lightbox: 2<\/desc>\n<path d=\"M15.232 3.328h10.112v10.112l-3.2-3.968-4.672 4.864-3.2-3.2 4.864-4.672zM7.872 17.536l3.2 3.2-4.864 4.672 3.904 3.2h-10.112v-10.112l3.2 3.904z\"><\/path>\n<\/svg><\/a><\/div><\/div><\/div><\/div>\n\n<style type=\"text\/css\" data-created_by=\"avia_inline_auto\" id=\"style-css-av-kz8pfh96-78f6c2c60d2084c5cb344463aa3be30e\">\n#top .av-special-heading.av-kz8pfh96-78f6c2c60d2084c5cb344463aa3be30e{\npadding-bottom:10px;\n}\nbody .av-special-heading.av-kz8pfh96-78f6c2c60d2084c5cb344463aa3be30e .av-special-heading-tag .heading-char{\nfont-size:25px;\n}\n.av-special-heading.av-kz8pfh96-78f6c2c60d2084c5cb344463aa3be30e .av-subheading{\nfont-size:15px;\n}\n<\/style>\n<div  class='av-special-heading av-kz8pfh96-78f6c2c60d2084c5cb344463aa3be30e av-special-heading-h3  avia-builder-el-7  el_after_av_horizontal_gallery  el_before_av_one_full  avia-builder-el-first '><h3 class='av-special-heading-tag '  itemprop=\"headline\"  >Tipus de mobles a mida<\/h3><div class=\"special-heading-border\"><div class=\"special-heading-inner-border\"><\/div><\/div><\/div>\n<div  class='flex_column av-ossp-fafb733d6c7ae795c90124dc3305ca45 av_one_full  avia-builder-el-8  el_after_av_heading  el_before_av_hr  first flex_column_div  '     ><style type=\"text\/css\" data-created_by=\"avia_inline_auto\" id=\"style-css-av-kz8pgboq-7b34ba40676c5295839e9069c54ca470\">\n#top .av_textblock_section.av-kz8pgboq-7b34ba40676c5295839e9069c54ca470 .avia_textblock{\nfont-size:18px;\n}\n<\/style>\n<section  class='av_textblock_section av-kz8pgboq-7b34ba40676c5295839e9069c54ca470 '   itemscope=\"itemscope\" itemtype=\"https:\/\/schema.org\/CreativeWork\" ><div class='avia_textblock'  itemprop=\"text\" ><p>Com hem dit, amb els mobles a mida no hi ha l\u00edmits:<\/p>\n<ul>\n<li>Es poden obtenir mobles a mida per al sal\u00f3, per donar encara m\u00e9s car\u00e0cter a aquest espai.<\/li>\n<li>Armaris a mida permetran optimitzar l\u00fas de lespai.<\/li>\n<li>Amb els prestatges a mida es poden utilitzar fins als racons m\u00e9s redu\u00efts.<\/li>\n<\/ul>\n<p>Un llibreter a mida, portes, finestres, es pot obtenir tota mena de mobiliari a mida, nom\u00e9s cal comptar amb l&#8217;empresa adequada.<\/p>\n<\/div><\/section><\/div>\n<div  class='hr av-3pdt-48113afc48f73e337f7c816b03787595 hr-default  avia-builder-el-10  el_after_av_one_full  el_before_av_contact '><span class='hr-inner '><span class=\"hr-inner-style\"><\/span><\/span><\/div>\n<form action=\"https:\/\/www.fusteriaaltemporda.com\/ca\/mobles-a-mida-a-empuriabrava\/\" method=\"post\" data-fields-with-error=\"Found errors in the following field(s):\" class=\"avia_ajax_form av-form-labels-visible   avia-builder-el-11  el_after_av_hr  avia-builder-el-last   \" data-avia-form-id=\"1\" data-avia-redirect='' ><h3 class=''>Demana pressupostos sense comprom\u00eds<\/h3><fieldset><p class='  first_form  form_element form_fullwidth' id='element_avia_1_1'><label for=\"avia_1_1\">Nom <abbr class=\"required\" title=\"obligatori\">*<\/abbr><\/label> <input name=\"avia_1_1\" class=\"text_input is_empty\" type=\"text\" id=\"avia_1_1\" value=\"\" \/><\/p><p class='  first_form  form_element form_fullwidth' id='element_avia_2_1'><label for=\"avia_2_1\">Correu electr\u00f2nic <abbr class=\"required\" title=\"obligatori\">*<\/abbr><\/label> <input name=\"avia_2_1\" class=\"text_input is_email\" type=\"text\" id=\"avia_2_1\" value=\"\" \/><\/p><p class='  first_form  form_element form_fullwidth' id='element_avia_3_1'><label for=\"avia_3_1\">Assumpte <abbr class=\"required\" title=\"obligatori\">*<\/abbr><\/label> <input name=\"avia_3_1\" class=\"text_input is_empty\" type=\"text\" id=\"avia_3_1\" value=\"\" \/><\/p><p class='  first_form  form_element form_fullwidth av-last-visible-form-element' id='element_avia_4_1'><label for=\"avia_4_1\" class=\"textare_label hidden textare_label_avia_4_1\">Missatge <abbr class=\"required\" title=\"obligatori\">*<\/abbr><\/label><textarea  name=\"avia_4_1\" class=\"text_area is_empty\" cols=\"40\" rows=\"7\" id=\"avia_4_1\" ><\/textarea><\/p><p class=\"hidden\"><input type=\"text\" name=\"avia_5_1\" class=\"hidden \" id=\"avia_5_1\" value=\"\" \/><\/p><p class=\"form_element \"><input type=\"hidden\" value=\"1\" name=\"avia_generated_form1\" \/><input type=\"submit\" value=\"Enviar\" class=\"button\"  data-sending-label=\"Enviant\"\/><\/p><\/fieldset><\/form><div id=\"ajaxresponse_1\" class=\"ajaxresponse ajaxresponse_1 hidden\"><\/div>\n","protected":false},"excerpt":{"rendered":"","protected":false},"author":1,"featured_media":111,"parent":0,"menu_order":0,"comment_status":"closed","ping_status":"closed","template":"","meta":{"footnotes":""},"class_list":["post-129","page","type-page","status-publish","has-post-thumbnail","hentry"],"yoast_head":"<!-- This site is optimized with the Yoast SEO plugin v27.2 - https:\/\/yoast.com\/product\/yoast-seo-wordpress\/ -->\n<title>Mobles a mida a Empuriabrava - Fusteria Mart\u00ed<\/title>\n<meta name=\"description\" content=\"Els mobles a mida a Empuriabrava ofereixen el gran avantatge que, com el seu nom fa refer\u00e8ncia, es poden adaptar a qualsevol espai.\" \/>\n<meta name=\"robots\" content=\"index, follow, max-snippet:-1, max-image-preview:large, max-video-preview:-1\" \/>\n<link rel=\"canonical\" href=\"https:\/\/www.fusteriaaltemporda.com\/ca\/mobles-a-mida-a-empuriabrava\/\" \/>\n<meta property=\"og:locale\" content=\"ca_ES\" \/>\n<meta property=\"og:type\" content=\"article\" \/>\n<meta property=\"og:title\" content=\"Mobles a mida a Empuriabrava - Fusteria Mart\u00ed\" \/>\n<meta property=\"og:description\" content=\"Els mobles a mida a Empuriabrava ofereixen el gran avantatge que, com el seu nom fa refer\u00e8ncia, es poden adaptar a qualsevol espai.\" \/>\n<meta property=\"og:url\" content=\"https:\/\/www.fusteriaaltemporda.com\/ca\/mobles-a-mida-a-empuriabrava\/\" \/>\n<meta property=\"og:site_name\" content=\"Fusteria Mart\u00ed\" \/>\n<meta property=\"article:modified_time\" content=\"2022-02-21T12:58:03+00:00\" \/>\n<meta property=\"og:image\" content=\"https:\/\/www.fusteriaaltemporda.com\/wp-content\/uploads\/2022\/02\/1.jpg\" \/>\n\t<meta property=\"og:image:width\" content=\"1017\" \/>\n\t<meta property=\"og:image:height\" content=\"558\" \/>\n\t<meta property=\"og:image:type\" content=\"image\/jpeg\" \/>\n<meta name=\"twitter:card\" content=\"summary_large_image\" \/>\n<meta name=\"twitter:label1\" content=\"Temps estimat de lectura\" \/>\n\t<meta name=\"twitter:data1\" content=\"10 minuts\" \/>\n<script type=\"application\/ld+json\" class=\"yoast-schema-graph\">{\"@context\":\"https:\/\/schema.org\",\"@graph\":[{\"@type\":\"WebPage\",\"@id\":\"https:\/\/www.fusteriaaltemporda.com\/ca\/mobles-a-mida-a-empuriabrava\/\",\"url\":\"https:\/\/www.fusteriaaltemporda.com\/ca\/mobles-a-mida-a-empuriabrava\/\",\"name\":\"Mobles a mida a Empuriabrava - Fusteria Mart\u00ed\",\"isPartOf\":{\"@id\":\"https:\/\/www.fusteriaaltemporda.com\/ca\/#website\"},\"primaryImageOfPage\":{\"@id\":\"https:\/\/www.fusteriaaltemporda.com\/ca\/mobles-a-mida-a-empuriabrava\/#primaryimage\"},\"image\":{\"@id\":\"https:\/\/www.fusteriaaltemporda.com\/ca\/mobles-a-mida-a-empuriabrava\/#primaryimage\"},\"thumbnailUrl\":\"https:\/\/www.fusteriaaltemporda.com\/wp-content\/uploads\/2022\/02\/1.jpg\",\"datePublished\":\"2022-02-21T12:38:12+00:00\",\"dateModified\":\"2022-02-21T12:58:03+00:00\",\"description\":\"Els mobles a mida a Empuriabrava ofereixen el gran avantatge que, com el seu nom fa refer\u00e8ncia, es poden adaptar a qualsevol espai.\",\"breadcrumb\":{\"@id\":\"https:\/\/www.fusteriaaltemporda.com\/ca\/mobles-a-mida-a-empuriabrava\/#breadcrumb\"},\"inLanguage\":\"ca\",\"potentialAction\":[{\"@type\":\"ReadAction\",\"target\":[\"https:\/\/www.fusteriaaltemporda.com\/ca\/mobles-a-mida-a-empuriabrava\/\"]}]},{\"@type\":\"ImageObject\",\"inLanguage\":\"ca\",\"@id\":\"https:\/\/www.fusteriaaltemporda.com\/ca\/mobles-a-mida-a-empuriabrava\/#primaryimage\",\"url\":\"https:\/\/www.fusteriaaltemporda.com\/wp-content\/uploads\/2022\/02\/1.jpg\",\"contentUrl\":\"https:\/\/www.fusteriaaltemporda.com\/wp-content\/uploads\/2022\/02\/1.jpg\",\"width\":1017,\"height\":558},{\"@type\":\"BreadcrumbList\",\"@id\":\"https:\/\/www.fusteriaaltemporda.com\/ca\/mobles-a-mida-a-empuriabrava\/#breadcrumb\",\"itemListElement\":[{\"@type\":\"ListItem\",\"position\":1,\"name\":\"Portada\",\"item\":\"https:\/\/www.fusteriaaltemporda.com\/ca\/carpinteria-en-empuriabrava\/\"},{\"@type\":\"ListItem\",\"position\":2,\"name\":\"Mobles a mida a Empuriabrava\"}]},{\"@type\":\"WebSite\",\"@id\":\"https:\/\/www.fusteriaaltemporda.com\/ca\/#website\",\"url\":\"https:\/\/www.fusteriaaltemporda.com\/ca\/\",\"name\":\"Fusteria Mart\u00ed\",\"description\":\"Trabajos de carpinter\u00eda en el Alt Empord\u00e1\",\"publisher\":{\"@id\":\"https:\/\/www.fusteriaaltemporda.com\/ca\/#organization\"},\"potentialAction\":[{\"@type\":\"SearchAction\",\"target\":{\"@type\":\"EntryPoint\",\"urlTemplate\":\"https:\/\/www.fusteriaaltemporda.com\/ca\/?s={search_term_string}\"},\"query-input\":{\"@type\":\"PropertyValueSpecification\",\"valueRequired\":true,\"valueName\":\"search_term_string\"}}],\"inLanguage\":\"ca\"},{\"@type\":\"Organization\",\"@id\":\"https:\/\/www.fusteriaaltemporda.com\/ca\/#organization\",\"name\":\"Fusteria Alt Empord\u00e0\",\"url\":\"https:\/\/www.fusteriaaltemporda.com\/ca\/\",\"logo\":{\"@type\":\"ImageObject\",\"inLanguage\":\"ca\",\"@id\":\"https:\/\/www.fusteriaaltemporda.com\/ca\/#\/schema\/logo\/image\/\",\"url\":\"https:\/\/www.fusteriaaltemporda.com\/wp-content\/uploads\/2022\/06\/fusteriamarti-logo.jpg\",\"contentUrl\":\"https:\/\/www.fusteriaaltemporda.com\/wp-content\/uploads\/2022\/06\/fusteriamarti-logo.jpg\",\"width\":300,\"height\":300,\"caption\":\"Fusteria Alt Empord\u00e0\"},\"image\":{\"@id\":\"https:\/\/www.fusteriaaltemporda.com\/ca\/#\/schema\/logo\/image\/\"}}]}<\/script>\n<!-- \/ Yoast SEO plugin. -->","yoast_head_json":{"title":"Mobles a mida a Empuriabrava - Fusteria Mart\u00ed","description":"Els mobles a mida a Empuriabrava ofereixen el gran avantatge que, com el seu nom fa refer\u00e8ncia, es poden adaptar a qualsevol espai.","robots":{"index":"index","follow":"follow","max-snippet":"max-snippet:-1","max-image-preview":"max-image-preview:large","max-video-preview":"max-video-preview:-1"},"canonical":"https:\/\/www.fusteriaaltemporda.com\/ca\/mobles-a-mida-a-empuriabrava\/","og_locale":"ca_ES","og_type":"article","og_title":"Mobles a mida a Empuriabrava - Fusteria Mart\u00ed","og_description":"Els mobles a mida a Empuriabrava ofereixen el gran avantatge que, com el seu nom fa refer\u00e8ncia, es poden adaptar a qualsevol espai.","og_url":"https:\/\/www.fusteriaaltemporda.com\/ca\/mobles-a-mida-a-empuriabrava\/","og_site_name":"Fusteria Mart\u00ed","article_modified_time":"2022-02-21T12:58:03+00:00","og_image":[{"width":1017,"height":558,"url":"https:\/\/www.fusteriaaltemporda.com\/wp-content\/uploads\/2022\/02\/1.jpg","type":"image\/jpeg"}],"twitter_card":"summary_large_image","twitter_misc":{"Temps estimat de lectura":"10 minuts"},"schema":{"@context":"https:\/\/schema.org","@graph":[{"@type":"WebPage","@id":"https:\/\/www.fusteriaaltemporda.com\/ca\/mobles-a-mida-a-empuriabrava\/","url":"https:\/\/www.fusteriaaltemporda.com\/ca\/mobles-a-mida-a-empuriabrava\/","name":"Mobles a mida a Empuriabrava - Fusteria Mart\u00ed","isPartOf":{"@id":"https:\/\/www.fusteriaaltemporda.com\/ca\/#website"},"primaryImageOfPage":{"@id":"https:\/\/www.fusteriaaltemporda.com\/ca\/mobles-a-mida-a-empuriabrava\/#primaryimage"},"image":{"@id":"https:\/\/www.fusteriaaltemporda.com\/ca\/mobles-a-mida-a-empuriabrava\/#primaryimage"},"thumbnailUrl":"https:\/\/www.fusteriaaltemporda.com\/wp-content\/uploads\/2022\/02\/1.jpg","datePublished":"2022-02-21T12:38:12+00:00","dateModified":"2022-02-21T12:58:03+00:00","description":"Els mobles a mida a Empuriabrava ofereixen el gran avantatge que, com el seu nom fa refer\u00e8ncia, es poden adaptar a qualsevol espai.","breadcrumb":{"@id":"https:\/\/www.fusteriaaltemporda.com\/ca\/mobles-a-mida-a-empuriabrava\/#breadcrumb"},"inLanguage":"ca","potentialAction":[{"@type":"ReadAction","target":["https:\/\/www.fusteriaaltemporda.com\/ca\/mobles-a-mida-a-empuriabrava\/"]}]},{"@type":"ImageObject","inLanguage":"ca","@id":"https:\/\/www.fusteriaaltemporda.com\/ca\/mobles-a-mida-a-empuriabrava\/#primaryimage","url":"https:\/\/www.fusteriaaltemporda.com\/wp-content\/uploads\/2022\/02\/1.jpg","contentUrl":"https:\/\/www.fusteriaaltemporda.com\/wp-content\/uploads\/2022\/02\/1.jpg","width":1017,"height":558},{"@type":"BreadcrumbList","@id":"https:\/\/www.fusteriaaltemporda.com\/ca\/mobles-a-mida-a-empuriabrava\/#breadcrumb","itemListElement":[{"@type":"ListItem","position":1,"name":"Portada","item":"https:\/\/www.fusteriaaltemporda.com\/ca\/carpinteria-en-empuriabrava\/"},{"@type":"ListItem","position":2,"name":"Mobles a mida a Empuriabrava"}]},{"@type":"WebSite","@id":"https:\/\/www.fusteriaaltemporda.com\/ca\/#website","url":"https:\/\/www.fusteriaaltemporda.com\/ca\/","name":"Fusteria Mart\u00ed","description":"Trabajos de carpinter\u00eda en el Alt Empord\u00e1","publisher":{"@id":"https:\/\/www.fusteriaaltemporda.com\/ca\/#organization"},"potentialAction":[{"@type":"SearchAction","target":{"@type":"EntryPoint","urlTemplate":"https:\/\/www.fusteriaaltemporda.com\/ca\/?s={search_term_string}"},"query-input":{"@type":"PropertyValueSpecification","valueRequired":true,"valueName":"search_term_string"}}],"inLanguage":"ca"},{"@type":"Organization","@id":"https:\/\/www.fusteriaaltemporda.com\/ca\/#organization","name":"Fusteria Alt Empord\u00e0","url":"https:\/\/www.fusteriaaltemporda.com\/ca\/","logo":{"@type":"ImageObject","inLanguage":"ca","@id":"https:\/\/www.fusteriaaltemporda.com\/ca\/#\/schema\/logo\/image\/","url":"https:\/\/www.fusteriaaltemporda.com\/wp-content\/uploads\/2022\/06\/fusteriamarti-logo.jpg","contentUrl":"https:\/\/www.fusteriaaltemporda.com\/wp-content\/uploads\/2022\/06\/fusteriamarti-logo.jpg","width":300,"height":300,"caption":"Fusteria Alt Empord\u00e0"},"image":{"@id":"https:\/\/www.fusteriaaltemporda.com\/ca\/#\/schema\/logo\/image\/"}}]}},"_links":{"self":[{"href":"https:\/\/www.fusteriaaltemporda.com\/ca\/wp-json\/wp\/v2\/pages\/129","targetHints":{"allow":["GET"]}}],"collection":[{"href":"https:\/\/www.fusteriaaltemporda.com\/ca\/wp-json\/wp\/v2\/pages"}],"about":[{"href":"https:\/\/www.fusteriaaltemporda.com\/ca\/wp-json\/wp\/v2\/types\/page"}],"author":[{"embeddable":true,"href":"https:\/\/www.fusteriaaltemporda.com\/ca\/wp-json\/wp\/v2\/users\/1"}],"replies":[{"embeddable":true,"href":"https:\/\/www.fusteriaaltemporda.com\/ca\/wp-json\/wp\/v2\/comments?post=129"}],"version-history":[{"count":4,"href":"https:\/\/www.fusteriaaltemporda.com\/ca\/wp-json\/wp\/v2\/pages\/129\/revisions"}],"predecessor-version":[{"id":184,"href":"https:\/\/www.fusteriaaltemporda.com\/ca\/wp-json\/wp\/v2\/pages\/129\/revisions\/184"}],"wp:featuredmedia":[{"embeddable":true,"href":"https:\/\/www.fusteriaaltemporda.com\/ca\/wp-json\/wp\/v2\/media\/111"}],"wp:attachment":[{"href":"https:\/\/www.fusteriaaltemporda.com\/ca\/wp-json\/wp\/v2\/media?parent=129"}],"curies":[{"name":"wp","href":"https:\/\/api.w.org\/{rel}","templated":true}]}}