{"id":123,"date":"2022-02-21T12:33:51","date_gmt":"2022-02-21T12:33:51","guid":{"rendered":"https:\/\/www.fusteriaaltemporda.com\/cuines-a-mida-a-empuriabrava\/"},"modified":"2022-02-21T12:56:36","modified_gmt":"2022-02-21T12:56:36","slug":"cuines-a-mida-a-empuriabrava","status":"publish","type":"page","link":"https:\/\/www.fusteriaaltemporda.com\/ca\/cuines-a-mida-a-empuriabrava\/","title":{"rendered":"Cuines a mida a Empuriabrava"},"content":{"rendered":"<div  class='flex_column av-34szv-5e1900a16d9117dc8c543b186c19e5f1 av_one_full  avia-builder-el-0  el_before_av_heading  avia-builder-el-first  first flex_column_div  '     ><p>\n<style type=\"text\/css\" data-created_by=\"avia_inline_auto\" id=\"style-css-av-kz8ofmlm-56ead13b93584411240bc64cda9659d5\">\n#top .av-special-heading.av-kz8ofmlm-56ead13b93584411240bc64cda9659d5{\npadding-bottom:10px;\n}\nbody .av-special-heading.av-kz8ofmlm-56ead13b93584411240bc64cda9659d5 .av-special-heading-tag .heading-char{\nfont-size:25px;\n}\n.av-special-heading.av-kz8ofmlm-56ead13b93584411240bc64cda9659d5 .av-subheading{\nfont-size:15px;\n}\n<\/style>\n<div  class='av-special-heading av-kz8ofmlm-56ead13b93584411240bc64cda9659d5 av-special-heading-h3  avia-builder-el-1  el_before_av_textblock  avia-builder-el-first '><h3 class='av-special-heading-tag '  itemprop=\"headline\"  >Cuines a mida a Empuriabrava<\/h3><div class=\"special-heading-border\"><div class=\"special-heading-inner-border\"><\/div><\/div><\/div><br \/>\n\n<style type=\"text\/css\" data-created_by=\"avia_inline_auto\" id=\"style-css-av-kz8o3cv4-a9cc908999da52f46206767e6c40c958\">\n#top .av_textblock_section.av-kz8o3cv4-a9cc908999da52f46206767e6c40c958 .avia_textblock{\nfont-size:18px;\n}\n<\/style>\n<section  class='av_textblock_section av-kz8o3cv4-a9cc908999da52f46206767e6c40c958 '   itemscope=\"itemscope\" itemtype=\"https:\/\/schema.org\/CreativeWork\" ><div class='avia_textblock'  itemprop=\"text\" ><p>Les cuines a mida a Empuriabrava permeten a les persones tenir a casa la cuina dels seus somnis, un espai c\u00f2mode, funcional, perfecte, on es podrien passar hores sense cap inconvenient.<\/p>\n<p>Els mobiliaris de cuina solen aconseguir-se en mesures est\u00e0ndards, per\u00f2 quan s&#8217;aspira a aconseguir un espai de cuina personalitzat, el millor \u00e9s decantar-se per una cuina a mida a Empuriabrava.<\/p>\n<\/div><\/section><br \/>\n\n<style type=\"text\/css\" data-created_by=\"avia_inline_auto\" id=\"style-css-av-kz8o918t-eb80b28565c27ae3081551ef5cfcab62\">\n.avia-image-container.av-kz8o918t-eb80b28565c27ae3081551ef5cfcab62 img.avia_image{\nbox-shadow:none;\n}\n.avia-image-container.av-kz8o918t-eb80b28565c27ae3081551ef5cfcab62 .av-image-caption-overlay-center{\ncolor:#ffffff;\n}\n<\/style>\n<div  class='avia-image-container av-kz8o918t-eb80b28565c27ae3081551ef5cfcab62 av-styling- avia-align-center  avia-builder-el-3  el_after_av_textblock  avia-builder-el-last '   itemprop=\"image\" itemscope=\"itemscope\" itemtype=\"https:\/\/schema.org\/ImageObject\" ><div class=\"avia-image-container-inner\"><div class=\"avia-image-overlay-wrap\"><img decoding=\"async\" fetchpriority=\"high\" class='wp-image-103 avia-img-lazy-loading-not-103 avia_image ' src=\"https:\/\/www.fusteriaaltemporda.com\/wp-content\/uploads\/2022\/02\/ggfgggdfg.jpg\" alt='' title='ggfgggdfg'  height=\"559\" width=\"1054\"  itemprop=\"thumbnailUrl\" srcset=\"https:\/\/www.fusteriaaltemporda.com\/wp-content\/uploads\/2022\/02\/ggfgggdfg.jpg 1054w, https:\/\/www.fusteriaaltemporda.com\/wp-content\/uploads\/2022\/02\/ggfgggdfg-300x159.jpg 300w, https:\/\/www.fusteriaaltemporda.com\/wp-content\/uploads\/2022\/02\/ggfgggdfg-1030x546.jpg 1030w, https:\/\/www.fusteriaaltemporda.com\/wp-content\/uploads\/2022\/02\/ggfgggdfg-768x407.jpg 768w, https:\/\/www.fusteriaaltemporda.com\/wp-content\/uploads\/2022\/02\/ggfgggdfg-705x374.jpg 705w\" sizes=\"(max-width: 1054px) 100vw, 1054px\" \/><\/div><\/div><\/div><\/p><\/div>\n\n<style type=\"text\/css\" data-created_by=\"avia_inline_auto\" id=\"style-css-av-kz8oh1te-1d31133e9580cecfe15347481b286e1c\">\n#top .av-special-heading.av-kz8oh1te-1d31133e9580cecfe15347481b286e1c{\npadding-bottom:10px;\n}\nbody .av-special-heading.av-kz8oh1te-1d31133e9580cecfe15347481b286e1c .av-special-heading-tag .heading-char{\nfont-size:25px;\n}\n.av-special-heading.av-kz8oh1te-1d31133e9580cecfe15347481b286e1c .av-subheading{\nfont-size:15px;\n}\n<\/style>\n<div  class='av-special-heading av-kz8oh1te-1d31133e9580cecfe15347481b286e1c av-special-heading-h3  avia-builder-el-4  el_after_av_one_full  el_before_av_one_half '><h3 class='av-special-heading-tag '  itemprop=\"headline\"  >Renovaci\u00f3 de la cuina amb un disseny personalitzat<\/h3><div class=\"special-heading-border\"><div class=\"special-heading-inner-border\"><\/div><\/div><\/div>\n<div  class='flex_column av-1j1tv-a89e1849b873db31c2b1668f2dd1cb7d av_one_half  avia-builder-el-5  el_after_av_heading  el_before_av_one_half  first flex_column_div  '     ><style type=\"text\/css\" data-created_by=\"avia_inline_auto\" id=\"style-css-av-kz8oo4qd-621aab7e9ff449ccbd932122748eef5a\">\n#top .av_textblock_section.av-kz8oo4qd-621aab7e9ff449ccbd932122748eef5a .avia_textblock{\nfont-size:18px;\n}\n<\/style>\n<section  class='av_textblock_section av-kz8oo4qd-621aab7e9ff449ccbd932122748eef5a '   itemscope=\"itemscope\" itemtype=\"https:\/\/schema.org\/CreativeWork\" ><div class='avia_textblock'  itemprop=\"text\" ><p>De vegades les persones s&#8217;adonen que el disseny de la seva cuina ha quedat enrere, que el disseny est\u00e0 desactualitzat, \u00e9s en aquell moment en qu\u00e8 cal prendre la decisi\u00f3 de contractar els serveis d&#8217;una empresa especialista en la creaci\u00f3 de cuines a mida.<\/p>\n<p>Amb les cuines a mida cada espai \u00e9s aprofitat, les persones poden triar des de la mida del taulell per treballar, fins al nombre de calaixos que tindr\u00e0 el prestatge.<\/p>\n<\/div><\/section><\/div>\n<div  class='flex_column av-ymhn-f5bb054eefc3c823cd8be6f968fd496e av_one_half  avia-builder-el-7  el_after_av_one_half  el_before_av_one_half  flex_column_div  '     ><style type=\"text\/css\" data-created_by=\"avia_inline_auto\" id=\"style-css-av-kz8ookwa-10ec888deffa16579225c51ea5bb0b67\">\n#top .av_textblock_section.av-kz8ookwa-10ec888deffa16579225c51ea5bb0b67 .avia_textblock{\nfont-size:18px;\n}\n<\/style>\n<section  class='av_textblock_section av-kz8ookwa-10ec888deffa16579225c51ea5bb0b67 '   itemscope=\"itemscope\" itemtype=\"https:\/\/schema.org\/CreativeWork\" ><div class='avia_textblock'  itemprop=\"text\" ><p>Com es fa el disseny de les cuines a mida?<\/p>\n<p>Els experts a dissenyar una cuina a mida han de tenir en compte una varietat de factors, el que m\u00e9s destaca \u00e9s la regla del triangle:<\/p>\n<p>-La regla del triangle consisteix a prendre en consideraci\u00f3 les tres zones claus en una cuina, la de cocci\u00f3, la de rentat i la de magatzematge.<\/p>\n<\/div><\/section><\/div>\n<div  class='flex_column av-14cnv-b1e8238adcee9c8e71b3b24498f4f236 av_one_half  avia-builder-el-9  el_after_av_one_half  el_before_av_one_half  first flex_column_div  column-top-margin'     ><style type=\"text\/css\" data-created_by=\"avia_inline_auto\" id=\"style-css-av-kz8otzqz-45e8d126f2a21ca0bee27212d8728c57\">\n#top .av_textblock_section.av-kz8otzqz-45e8d126f2a21ca0bee27212d8728c57 .avia_textblock{\nfont-size:18px;\n}\n<\/style>\n<section  class='av_textblock_section av-kz8otzqz-45e8d126f2a21ca0bee27212d8728c57 '   itemscope=\"itemscope\" itemtype=\"https:\/\/schema.org\/CreativeWork\" ><div class='avia_textblock'  itemprop=\"text\" ><p>-L&#8217;objectiu \u00e9s aconseguir que les tres zones quedi distribu\u00efdes de manera que deixin una \u00e0rea d&#8217;espai lliure per crear la zona de treball. La clau \u00e9s evitar que aquestes tres zones esmentades es toquin.<\/p>\n<p>-Les zones de passeig han de tenir almenys 80 cm d&#8217;amplada perqu\u00e8 es pugui caminar per aquestes i entre cada electrodom\u00e8stic han de quedar almenys 50 cm lliures.<\/p>\n<p>Al\u00e7ada del taulell, quantitat de calaixos, fons dels mobles i m\u00e9s, tamb\u00e9 s&#8217;han de considerar en el disseny<\/p>\n<\/div><\/section><\/div>\n<div  class='flex_column av-ynkj-95779130f5182c349f17ddbfce36cea3 av_one_half  avia-builder-el-11  el_after_av_one_half  el_before_av_hr  flex_column_div  column-top-margin'     ><div  class='avia-slideshow av-kz8p493l-606f1dbc9211494624dcb50a74c72f41 avia-slideshow-featured av_slideshow avia-slide-slider  avia-builder-el-12  avia-builder-el-no-sibling  av-slideshow-ui av-control-default av-slideshow-manual av-loop-once av-loop-manual-endless av-default-height-applied avia-slideshow-1' data-slideshow-options=\"{&quot;animation&quot;:&quot;slide&quot;,&quot;autoplay&quot;:false,&quot;loop_autoplay&quot;:&quot;once&quot;,&quot;interval&quot;:5,&quot;loop_manual&quot;:&quot;manual-endless&quot;,&quot;autoplay_stopper&quot;:false,&quot;noNavigation&quot;:false,&quot;bg_slider&quot;:false,&quot;keep_padding&quot;:false,&quot;hoverpause&quot;:false,&quot;show_slide_delay&quot;:0}\"  itemprop=\"image\" itemscope=\"itemscope\" itemtype=\"https:\/\/schema.org\/ImageObject\" ><ul class='avia-slideshow-inner ' style='padding-bottom: 61.253561253561%;'><li  class='avia-slideshow-slide av-kz8p493l-606f1dbc9211494624dcb50a74c72f41__0  slide-1 slide-odd'><div data-rel='slideshow-1' class='avia-slide-wrap '   ><img decoding=\"async\" fetchpriority=\"high\" class=\"wp-image-105 avia-img-lazy-loading-not-105\"  src=\"https:\/\/www.fusteriaaltemporda.com\/wp-content\/uploads\/2022\/02\/dasdasdasd-702x430.jpg\" width=\"702\" height=\"430\" title='dasdasdasd' alt=''  itemprop=\"thumbnailUrl\"   \/><\/div><\/li><li  class='avia-slideshow-slide av-kz8p493l-606f1dbc9211494624dcb50a74c72f41__1  slide-2 slide-even'><div data-rel='slideshow-1' class='avia-slide-wrap '   ><img decoding=\"async\" fetchpriority=\"high\" class=\"wp-image-107 avia-img-lazy-loading-not-107\"  src=\"https:\/\/www.fusteriaaltemporda.com\/wp-content\/uploads\/2022\/02\/cocina-2-769x430.jpg\" width=\"769\" height=\"430\" title='cocina 2' alt=''  itemprop=\"thumbnailUrl\"   \/><\/div><\/li><\/ul><div class='avia-slideshow-arrows avia-slideshow-controls' ><a href='#prev' class='prev-slide  avia-svg-icon avia-font-svg_entypo-fontello' data-av_svg_icon='left-open-big' data-av_iconset='svg_entypo-fontello' tabindex='-1' title=\"Anterior\"><svg version=\"1.1\" xmlns=\"http:\/\/www.w3.org\/2000\/svg\" width=\"15\" height=\"32\" viewBox=\"0 0 15 32\" preserveAspectRatio=\"xMidYMid meet\" aria-labelledby='av-svg-title-1' aria-describedby='av-svg-desc-1' role=\"graphics-symbol\" aria-hidden=\"true\">\n<title id='av-svg-title-1'>Anterior<\/title>\n<desc id='av-svg-desc-1'>Anterior<\/desc>\n<path d=\"M14.464 27.84q0.832 0.832 0 1.536-0.832 0.832-1.536 0l-12.544-12.608q-0.768-0.768 0-1.6l12.544-12.608q0.704-0.832 1.536 0 0.832 0.704 0 1.536l-11.456 11.904z\"><\/path>\n<\/svg><span class='avia_hidden_link_text'>Anterior<\/span><\/a><a href='#next' class='next-slide  avia-svg-icon avia-font-svg_entypo-fontello' data-av_svg_icon='right-open-big' data-av_iconset='svg_entypo-fontello' tabindex='-1' title=\"Seg\u00fcent\"><svg version=\"1.1\" xmlns=\"http:\/\/www.w3.org\/2000\/svg\" width=\"15\" height=\"32\" viewBox=\"0 0 15 32\" preserveAspectRatio=\"xMidYMid meet\" aria-labelledby='av-svg-title-2' aria-describedby='av-svg-desc-2' role=\"graphics-symbol\" aria-hidden=\"true\">\n<title id='av-svg-title-2'>Seg\u00fcent<\/title>\n<desc id='av-svg-desc-2'>Seg\u00fcent<\/desc>\n<path d=\"M0.416 27.84l11.456-11.84-11.456-11.904q-0.832-0.832 0-1.536 0.832-0.832 1.536 0l12.544 12.608q0.768 0.832 0 1.6l-12.544 12.608q-0.704 0.832-1.536 0-0.832-0.704 0-1.536z\"><\/path>\n<\/svg><span class='avia_hidden_link_text'>Seg\u00fcent<\/span><\/a><\/div><div class='avia-slideshow-dots avia-slideshow-controls'><a href='#1' class='goto-slide active' >1<\/a><a href='#2' class='goto-slide ' >2<\/a><\/div><\/div><\/div>\n<div  class='hr av-16t8r-4d0b97db1cf60a867227c4b24a12d6e8 hr-default  avia-builder-el-13  el_after_av_one_half  el_before_av_contact '><span class='hr-inner '><span class=\"hr-inner-style\"><\/span><\/span><\/div>\n<form action=\"https:\/\/www.fusteriaaltemporda.com\/ca\/cuines-a-mida-a-empuriabrava\/\" method=\"post\" data-fields-with-error=\"Found errors in the following field(s):\" class=\"avia_ajax_form av-form-labels-visible   avia-builder-el-14  el_after_av_hr  avia-builder-el-last   \" data-avia-form-id=\"1\" data-avia-redirect='' ><h3 class=''>Contacta\u2019ns<\/h3><fieldset><p class='  first_form  form_element form_fullwidth' id='element_avia_1_1'><label for=\"avia_1_1\">Nom <abbr class=\"required\" title=\"obligatori\">*<\/abbr><\/label> <input name=\"avia_1_1\" class=\"text_input is_empty\" type=\"text\" id=\"avia_1_1\" value=\"\" \/><\/p><p class='  first_form  form_element form_fullwidth' id='element_avia_2_1'><label for=\"avia_2_1\">Correu electr\u00f2nic <abbr class=\"required\" title=\"obligatori\">*<\/abbr><\/label> <input name=\"avia_2_1\" class=\"text_input is_email\" type=\"text\" id=\"avia_2_1\" value=\"\" \/><\/p><p class='  first_form  form_element form_fullwidth' id='element_avia_3_1'><label for=\"avia_3_1\">Assumpte <abbr class=\"required\" title=\"obligatori\">*<\/abbr><\/label> <input name=\"avia_3_1\" class=\"text_input is_empty\" type=\"text\" id=\"avia_3_1\" value=\"\" \/><\/p><p class='  first_form  form_element form_fullwidth av-last-visible-form-element' id='element_avia_4_1'><label for=\"avia_4_1\" class=\"textare_label hidden textare_label_avia_4_1\">Missatge <abbr class=\"required\" title=\"obligatori\">*<\/abbr><\/label><textarea  name=\"avia_4_1\" class=\"text_area is_empty\" cols=\"40\" rows=\"7\" id=\"avia_4_1\" ><\/textarea><\/p><p class=\"hidden\"><input type=\"text\" name=\"avia_5_1\" class=\"hidden \" id=\"avia_5_1\" value=\"\" \/><\/p><p class=\"form_element \"><input type=\"hidden\" value=\"1\" name=\"avia_generated_form1\" \/><input type=\"submit\" value=\"Enviar\" class=\"button\"  data-sending-label=\"Enviant\"\/><\/p><\/fieldset><\/form><div id=\"ajaxresponse_1\" class=\"ajaxresponse ajaxresponse_1 hidden\"><\/div>\n","protected":false},"excerpt":{"rendered":"","protected":false},"author":1,"featured_media":107,"parent":0,"menu_order":0,"comment_status":"closed","ping_status":"closed","template":"","meta":{"footnotes":""},"class_list":["post-123","page","type-page","status-publish","has-post-thumbnail","hentry"],"yoast_head":"<!-- This site is optimized with the Yoast SEO plugin v27.2 - https:\/\/yoast.com\/product\/yoast-seo-wordpress\/ -->\n<title>Cuines a mida a Empuriabrava - Fusteria Mart\u00ed<\/title>\n<meta name=\"description\" content=\"Les cuines a mida a Empuriabrava permeten a les persones tenir a casa la cuina dels seus somnis, un espai c\u00f2mode, funcional i perfecte.\" \/>\n<meta name=\"robots\" content=\"index, follow, max-snippet:-1, max-image-preview:large, max-video-preview:-1\" \/>\n<link rel=\"canonical\" href=\"https:\/\/www.fusteriaaltemporda.com\/ca\/cuines-a-mida-a-empuriabrava\/\" \/>\n<meta property=\"og:locale\" content=\"ca_ES\" \/>\n<meta property=\"og:type\" content=\"article\" \/>\n<meta property=\"og:title\" content=\"Cuines a mida a Empuriabrava - Fusteria Mart\u00ed\" \/>\n<meta property=\"og:description\" content=\"Les cuines a mida a Empuriabrava permeten a les persones tenir a casa la cuina dels seus somnis, un espai c\u00f2mode, funcional i perfecte.\" \/>\n<meta property=\"og:url\" content=\"https:\/\/www.fusteriaaltemporda.com\/ca\/cuines-a-mida-a-empuriabrava\/\" \/>\n<meta property=\"og:site_name\" content=\"Fusteria Mart\u00ed\" \/>\n<meta property=\"article:modified_time\" content=\"2022-02-21T12:56:36+00:00\" \/>\n<meta property=\"og:image\" content=\"https:\/\/www.fusteriaaltemporda.com\/wp-content\/uploads\/2022\/02\/cocina-2.jpg\" \/>\n\t<meta property=\"og:image:width\" content=\"769\" \/>\n\t<meta property=\"og:image:height\" content=\"497\" \/>\n\t<meta property=\"og:image:type\" content=\"image\/jpeg\" \/>\n<meta name=\"twitter:card\" content=\"summary_large_image\" \/>\n<meta name=\"twitter:label1\" content=\"Temps estimat de lectura\" \/>\n\t<meta name=\"twitter:data1\" content=\"13 minuts\" \/>\n<script type=\"application\/ld+json\" class=\"yoast-schema-graph\">{\"@context\":\"https:\/\/schema.org\",\"@graph\":[{\"@type\":\"WebPage\",\"@id\":\"https:\/\/www.fusteriaaltemporda.com\/ca\/cuines-a-mida-a-empuriabrava\/\",\"url\":\"https:\/\/www.fusteriaaltemporda.com\/ca\/cuines-a-mida-a-empuriabrava\/\",\"name\":\"Cuines a mida a Empuriabrava - Fusteria Mart\u00ed\",\"isPartOf\":{\"@id\":\"https:\/\/www.fusteriaaltemporda.com\/ca\/#website\"},\"primaryImageOfPage\":{\"@id\":\"https:\/\/www.fusteriaaltemporda.com\/ca\/cuines-a-mida-a-empuriabrava\/#primaryimage\"},\"image\":{\"@id\":\"https:\/\/www.fusteriaaltemporda.com\/ca\/cuines-a-mida-a-empuriabrava\/#primaryimage\"},\"thumbnailUrl\":\"https:\/\/www.fusteriaaltemporda.com\/wp-content\/uploads\/2022\/02\/cocina-2.jpg\",\"datePublished\":\"2022-02-21T12:33:51+00:00\",\"dateModified\":\"2022-02-21T12:56:36+00:00\",\"description\":\"Les cuines a mida a Empuriabrava permeten a les persones tenir a casa la cuina dels seus somnis, un espai c\u00f2mode, funcional i perfecte.\",\"breadcrumb\":{\"@id\":\"https:\/\/www.fusteriaaltemporda.com\/ca\/cuines-a-mida-a-empuriabrava\/#breadcrumb\"},\"inLanguage\":\"ca\",\"potentialAction\":[{\"@type\":\"ReadAction\",\"target\":[\"https:\/\/www.fusteriaaltemporda.com\/ca\/cuines-a-mida-a-empuriabrava\/\"]}]},{\"@type\":\"ImageObject\",\"inLanguage\":\"ca\",\"@id\":\"https:\/\/www.fusteriaaltemporda.com\/ca\/cuines-a-mida-a-empuriabrava\/#primaryimage\",\"url\":\"https:\/\/www.fusteriaaltemporda.com\/wp-content\/uploads\/2022\/02\/cocina-2.jpg\",\"contentUrl\":\"https:\/\/www.fusteriaaltemporda.com\/wp-content\/uploads\/2022\/02\/cocina-2.jpg\",\"width\":769,\"height\":497},{\"@type\":\"BreadcrumbList\",\"@id\":\"https:\/\/www.fusteriaaltemporda.com\/ca\/cuines-a-mida-a-empuriabrava\/#breadcrumb\",\"itemListElement\":[{\"@type\":\"ListItem\",\"position\":1,\"name\":\"Portada\",\"item\":\"https:\/\/www.fusteriaaltemporda.com\/ca\/carpinteria-en-empuriabrava\/\"},{\"@type\":\"ListItem\",\"position\":2,\"name\":\"Cuines a mida a Empuriabrava\"}]},{\"@type\":\"WebSite\",\"@id\":\"https:\/\/www.fusteriaaltemporda.com\/ca\/#website\",\"url\":\"https:\/\/www.fusteriaaltemporda.com\/ca\/\",\"name\":\"Fusteria Mart\u00ed\",\"description\":\"Trabajos de carpinter\u00eda en el Alt Empord\u00e1\",\"publisher\":{\"@id\":\"https:\/\/www.fusteriaaltemporda.com\/ca\/#organization\"},\"potentialAction\":[{\"@type\":\"SearchAction\",\"target\":{\"@type\":\"EntryPoint\",\"urlTemplate\":\"https:\/\/www.fusteriaaltemporda.com\/ca\/?s={search_term_string}\"},\"query-input\":{\"@type\":\"PropertyValueSpecification\",\"valueRequired\":true,\"valueName\":\"search_term_string\"}}],\"inLanguage\":\"ca\"},{\"@type\":\"Organization\",\"@id\":\"https:\/\/www.fusteriaaltemporda.com\/ca\/#organization\",\"name\":\"Fusteria Alt Empord\u00e0\",\"url\":\"https:\/\/www.fusteriaaltemporda.com\/ca\/\",\"logo\":{\"@type\":\"ImageObject\",\"inLanguage\":\"ca\",\"@id\":\"https:\/\/www.fusteriaaltemporda.com\/ca\/#\/schema\/logo\/image\/\",\"url\":\"https:\/\/www.fusteriaaltemporda.com\/wp-content\/uploads\/2022\/06\/fusteriamarti-logo.jpg\",\"contentUrl\":\"https:\/\/www.fusteriaaltemporda.com\/wp-content\/uploads\/2022\/06\/fusteriamarti-logo.jpg\",\"width\":300,\"height\":300,\"caption\":\"Fusteria Alt Empord\u00e0\"},\"image\":{\"@id\":\"https:\/\/www.fusteriaaltemporda.com\/ca\/#\/schema\/logo\/image\/\"}}]}<\/script>\n<!-- \/ Yoast SEO plugin. -->","yoast_head_json":{"title":"Cuines a mida a Empuriabrava - Fusteria Mart\u00ed","description":"Les cuines a mida a Empuriabrava permeten a les persones tenir a casa la cuina dels seus somnis, un espai c\u00f2mode, funcional i perfecte.","robots":{"index":"index","follow":"follow","max-snippet":"max-snippet:-1","max-image-preview":"max-image-preview:large","max-video-preview":"max-video-preview:-1"},"canonical":"https:\/\/www.fusteriaaltemporda.com\/ca\/cuines-a-mida-a-empuriabrava\/","og_locale":"ca_ES","og_type":"article","og_title":"Cuines a mida a Empuriabrava - Fusteria Mart\u00ed","og_description":"Les cuines a mida a Empuriabrava permeten a les persones tenir a casa la cuina dels seus somnis, un espai c\u00f2mode, funcional i perfecte.","og_url":"https:\/\/www.fusteriaaltemporda.com\/ca\/cuines-a-mida-a-empuriabrava\/","og_site_name":"Fusteria Mart\u00ed","article_modified_time":"2022-02-21T12:56:36+00:00","og_image":[{"width":769,"height":497,"url":"https:\/\/www.fusteriaaltemporda.com\/wp-content\/uploads\/2022\/02\/cocina-2.jpg","type":"image\/jpeg"}],"twitter_card":"summary_large_image","twitter_misc":{"Temps estimat de lectura":"13 minuts"},"schema":{"@context":"https:\/\/schema.org","@graph":[{"@type":"WebPage","@id":"https:\/\/www.fusteriaaltemporda.com\/ca\/cuines-a-mida-a-empuriabrava\/","url":"https:\/\/www.fusteriaaltemporda.com\/ca\/cuines-a-mida-a-empuriabrava\/","name":"Cuines a mida a Empuriabrava - Fusteria Mart\u00ed","isPartOf":{"@id":"https:\/\/www.fusteriaaltemporda.com\/ca\/#website"},"primaryImageOfPage":{"@id":"https:\/\/www.fusteriaaltemporda.com\/ca\/cuines-a-mida-a-empuriabrava\/#primaryimage"},"image":{"@id":"https:\/\/www.fusteriaaltemporda.com\/ca\/cuines-a-mida-a-empuriabrava\/#primaryimage"},"thumbnailUrl":"https:\/\/www.fusteriaaltemporda.com\/wp-content\/uploads\/2022\/02\/cocina-2.jpg","datePublished":"2022-02-21T12:33:51+00:00","dateModified":"2022-02-21T12:56:36+00:00","description":"Les cuines a mida a Empuriabrava permeten a les persones tenir a casa la cuina dels seus somnis, un espai c\u00f2mode, funcional i perfecte.","breadcrumb":{"@id":"https:\/\/www.fusteriaaltemporda.com\/ca\/cuines-a-mida-a-empuriabrava\/#breadcrumb"},"inLanguage":"ca","potentialAction":[{"@type":"ReadAction","target":["https:\/\/www.fusteriaaltemporda.com\/ca\/cuines-a-mida-a-empuriabrava\/"]}]},{"@type":"ImageObject","inLanguage":"ca","@id":"https:\/\/www.fusteriaaltemporda.com\/ca\/cuines-a-mida-a-empuriabrava\/#primaryimage","url":"https:\/\/www.fusteriaaltemporda.com\/wp-content\/uploads\/2022\/02\/cocina-2.jpg","contentUrl":"https:\/\/www.fusteriaaltemporda.com\/wp-content\/uploads\/2022\/02\/cocina-2.jpg","width":769,"height":497},{"@type":"BreadcrumbList","@id":"https:\/\/www.fusteriaaltemporda.com\/ca\/cuines-a-mida-a-empuriabrava\/#breadcrumb","itemListElement":[{"@type":"ListItem","position":1,"name":"Portada","item":"https:\/\/www.fusteriaaltemporda.com\/ca\/carpinteria-en-empuriabrava\/"},{"@type":"ListItem","position":2,"name":"Cuines a mida a Empuriabrava"}]},{"@type":"WebSite","@id":"https:\/\/www.fusteriaaltemporda.com\/ca\/#website","url":"https:\/\/www.fusteriaaltemporda.com\/ca\/","name":"Fusteria Mart\u00ed","description":"Trabajos de carpinter\u00eda en el Alt Empord\u00e1","publisher":{"@id":"https:\/\/www.fusteriaaltemporda.com\/ca\/#organization"},"potentialAction":[{"@type":"SearchAction","target":{"@type":"EntryPoint","urlTemplate":"https:\/\/www.fusteriaaltemporda.com\/ca\/?s={search_term_string}"},"query-input":{"@type":"PropertyValueSpecification","valueRequired":true,"valueName":"search_term_string"}}],"inLanguage":"ca"},{"@type":"Organization","@id":"https:\/\/www.fusteriaaltemporda.com\/ca\/#organization","name":"Fusteria Alt Empord\u00e0","url":"https:\/\/www.fusteriaaltemporda.com\/ca\/","logo":{"@type":"ImageObject","inLanguage":"ca","@id":"https:\/\/www.fusteriaaltemporda.com\/ca\/#\/schema\/logo\/image\/","url":"https:\/\/www.fusteriaaltemporda.com\/wp-content\/uploads\/2022\/06\/fusteriamarti-logo.jpg","contentUrl":"https:\/\/www.fusteriaaltemporda.com\/wp-content\/uploads\/2022\/06\/fusteriamarti-logo.jpg","width":300,"height":300,"caption":"Fusteria Alt Empord\u00e0"},"image":{"@id":"https:\/\/www.fusteriaaltemporda.com\/ca\/#\/schema\/logo\/image\/"}}]}},"_links":{"self":[{"href":"https:\/\/www.fusteriaaltemporda.com\/ca\/wp-json\/wp\/v2\/pages\/123","targetHints":{"allow":["GET"]}}],"collection":[{"href":"https:\/\/www.fusteriaaltemporda.com\/ca\/wp-json\/wp\/v2\/pages"}],"about":[{"href":"https:\/\/www.fusteriaaltemporda.com\/ca\/wp-json\/wp\/v2\/types\/page"}],"author":[{"embeddable":true,"href":"https:\/\/www.fusteriaaltemporda.com\/ca\/wp-json\/wp\/v2\/users\/1"}],"replies":[{"embeddable":true,"href":"https:\/\/www.fusteriaaltemporda.com\/ca\/wp-json\/wp\/v2\/comments?post=123"}],"version-history":[{"count":4,"href":"https:\/\/www.fusteriaaltemporda.com\/ca\/wp-json\/wp\/v2\/pages\/123\/revisions"}],"predecessor-version":[{"id":174,"href":"https:\/\/www.fusteriaaltemporda.com\/ca\/wp-json\/wp\/v2\/pages\/123\/revisions\/174"}],"wp:featuredmedia":[{"embeddable":true,"href":"https:\/\/www.fusteriaaltemporda.com\/ca\/wp-json\/wp\/v2\/media\/107"}],"wp:attachment":[{"href":"https:\/\/www.fusteriaaltemporda.com\/ca\/wp-json\/wp\/v2\/media?parent=123"}],"curies":[{"name":"wp","href":"https:\/\/api.w.org\/{rel}","templated":true}]}}